{"id":5386,"date":"2021-02-24T17:42:39","date_gmt":"2021-02-24T16:42:39","guid":{"rendered":"https:\/\/brancaia.cyon.site\/azienda-vinicola\/annate\/annata-del-vino-2019\/"},"modified":"2021-12-12T14:02:01","modified_gmt":"2021-12-12T13:02:01","slug":"annata-del-vino-2019","status":"publish","type":"page","link":"https:\/\/stage.brancaia.cyon.site\/it\/azienda\/annate\/annata-del-vino-2019\/","title":{"rendered":"Annata del vino 2019"},"content":{"rendered":"<p><div class=\"et_d4_element et_pb_section et_pb_section_0  et_pb_css_mix_blend_mode et_pb_fullwidth_section et_section_regular et_block_section\" >\n\t\t\t\t\n\t\t\t\t\n\t\t\t\t\n\t\t\t\t\n\t\t\t\t\n\t\t\t\t\n\t\t\t\t<section class=\"et_pb_module et_d4_element et_pb_fullwidth_header et_pb_fullwidth_header_0  et_pb_css_mix_blend_mode et_pb_text_align_left et_pb_bg_layout_dark\">\n\t\t\t\t\n\t\t\t\t\n\t\t\t\t\n\t\t\t\t\n\t\t\t\t<div class=\"et_pb_fullwidth_header_container left\">\n\t\t\t\t\t<div class=\"header-content-container center\">\n\t\t\t\t\t<div class=\"header-content\">\n\t\t\t\t\t\t\n\t\t\t\t\t\t<h1 class=\"et_pb_module_header\"> <\/h1>\n\t\t\t\t\t\t\n\t\t\t\t\t\t<div class=\"et_pb_header_content_wrapper\"><\/div>\n\t\t\t\t\t\t\n\t\t\t\t\t<\/div>\n\t\t\t\t<\/div>\n\t\t\t\t\t\n\t\t\t\t<\/div>\n\t\t\t\t<div class=\"et_pb_fullwidth_header_overlay\"><\/div>\n\t\t\t\t<div class=\"et_pb_fullwidth_header_scroll\"><\/div>\n\t\t\t<\/section>\n\t\t\t\t\n\t\t\t\t\n\t\t\t<\/div><div class=\"et_d4_element et_pb_section et_pb_section_1  et_pb_css_mix_blend_mode et_section_regular et_pb_section--with-menu et_block_section\" >\n\t\t\t\t\n\t\t\t\t\n\t\t\t\t\n\t\t\t\t\n\t\t\t\t\n\t\t\t\t\n\t\t\t\t<div class=\"et_d4_element et_pb_row et_pb_row_0  et_pb_css_mix_blend_mode et_pb_row--with-menu et_block_row\">\n\t\t\t\t<div class=\"et_d4_element et_pb_column_4_4 et_pb_column et_pb_column_0  et_pb_css_mix_blend_mode et-last-child et_pb_column--with-menu et_block_column\">\n\t\t\t\t\n\t\t\t\t\n\t\t\t\t\n\t\t\t\t\n\t\t\t\t<div class=\"et_pb_module et_d4_element et_pb_text et_pb_text_0  et_pb_text_align_left et_pb_bg_layout_light\">\n\t\t\t\t\n\t\t\t\t\n\t\t\t\t\n\t\t\t\t\n\t\t\t\t<div class=\"et_pb_text_inner\"><h1>LE ANNATE<\/h1><\/div>\n\t\t\t<\/div><div class=\"et_pb_module et_d4_element et_pb_menu et_pb_menu_0 et_pb_bg_layout_light  et_pb_text_align_left et_dropdown_animation_fade et_pb_menu--without-logo et_pb_menu--style-left_aligned\">\n\t\t\t\t\t\n\t\t\t\t\t\n\t\t\t\t\t\n\t\t\t\t\t\n\t\t\t\t\t<div class=\"et_pb_menu_inner_container clearfix\">\n\t\t\t\t\t\t\n\t\t\t\t\t\t<div class=\"et_pb_menu__wrap\">\n\t\t\t\t\t\t\t<div class=\"et_pb_menu__menu\">\n\t\t\t\t\t\t\t\t<nav class=\"et-menu-nav\"><ul id=\"menu-rebjahre-it\" class=\"et-menu nav\"><li id=\"menu-item-16198\" class=\"et_pb_menu_page_id-16162 menu-item menu-item-type-post_type menu-item-object-page menu-item-16198\"><a href=\"https:\/\/stage.brancaia.cyon.site\/it\/azienda\/annate\/lannata-2024-2\/\">2024<\/a><\/li>\n<li id=\"menu-item-13873\" class=\"et_pb_menu_page_id-13866 menu-item menu-item-type-post_type menu-item-object-page menu-item-13873\"><a href=\"https:\/\/stage.brancaia.cyon.site\/it\/azienda\/annate\/vite-anno-2023\/\">2023<\/a><\/li>\n<li id=\"menu-item-13874\" class=\"et_pb_menu_page_id-13853 menu-item menu-item-type-post_type menu-item-object-page menu-item-13874\"><a href=\"https:\/\/stage.brancaia.cyon.site\/it\/azienda\/annate\/vitigno-anno-2022\/\">2022<\/a><\/li>\n<li id=\"menu-item-9073\" class=\"et_pb_menu_page_id-9050 menu-item menu-item-type-post_type menu-item-object-page menu-item-9073\"><a href=\"https:\/\/stage.brancaia.cyon.site\/it\/azienda\/annate\/vendemmia-2021\/\">2021<\/a><\/li>\n<li id=\"menu-item-9076\" class=\"et_pb_menu_page_id-9068 menu-item menu-item-type-post_type menu-item-object-page menu-item-9076\"><a href=\"https:\/\/stage.brancaia.cyon.site\/it\/azienda\/annate\/anno-della-vigna-2020\/\">2020<\/a><\/li>\n<li id=\"menu-item-5743\" class=\"et_pb_menu_page_id-5386 menu-item menu-item-type-post_type menu-item-object-page menu-item-5743\"><a href=\"https:\/\/stage.brancaia.cyon.site\/it\/azienda\/annate\/annata-del-vino-2019\/\">2019<\/a><\/li>\n<li id=\"menu-item-5744\" class=\"et_pb_menu_page_id-5403 menu-item menu-item-type-post_type menu-item-object-page menu-item-5744\"><a href=\"https:\/\/stage.brancaia.cyon.site\/it\/azienda\/annate\/anno-della-vigna-2018\/\">2018<\/a><\/li>\n<li id=\"menu-item-5745\" class=\"et_pb_menu_page_id-5415 menu-item menu-item-type-post_type menu-item-object-page menu-item-5745\"><a href=\"https:\/\/stage.brancaia.cyon.site\/it\/azienda\/annate\/annata-viticola-2017\/\">2017<\/a><\/li>\n<li id=\"menu-item-5746\" class=\"et_pb_menu_page_id-5439 menu-item menu-item-type-post_type menu-item-object-page menu-item-5746\"><a href=\"https:\/\/stage.brancaia.cyon.site\/it\/azienda\/annate\/annata-2016\/\">2016<\/a><\/li>\n<li id=\"menu-item-5747\" class=\"et_pb_menu_page_id-5448 menu-item menu-item-type-post_type menu-item-object-page menu-item-5747\"><a href=\"https:\/\/stage.brancaia.cyon.site\/it\/azienda\/annate\/annata-2015\/\">2015<\/a><\/li>\n<li id=\"menu-item-5748\" class=\"et_pb_menu_page_id-5457 menu-item menu-item-type-post_type menu-item-object-page menu-item-5748\"><a href=\"https:\/\/stage.brancaia.cyon.site\/it\/azienda\/annate\/annata-viticola-2014\/\">2014<\/a><\/li>\n<li id=\"menu-item-5749\" class=\"et_pb_menu_page_id-5467 menu-item menu-item-type-post_type menu-item-object-page menu-item-5749\"><a href=\"https:\/\/stage.brancaia.cyon.site\/it\/azienda\/annate\/anno-di-vite-2013\/\">2013<\/a><\/li>\n<li id=\"menu-item-5750\" class=\"et_pb_menu_page_id-5490 menu-item menu-item-type-post_type menu-item-object-page menu-item-5750\"><a href=\"https:\/\/stage.brancaia.cyon.site\/it\/azienda\/annate\/anno-di-vite-2012\/\">2012<\/a><\/li>\n<li id=\"menu-item-5751\" class=\"et_pb_menu_page_id-5499 menu-item menu-item-type-post_type menu-item-object-page menu-item-5751\"><a href=\"https:\/\/stage.brancaia.cyon.site\/it\/azienda\/annate\/annata-viticola-2011\/\">2011<\/a><\/li>\n<li id=\"menu-item-5752\" class=\"et_pb_menu_page_id-5519 menu-item menu-item-type-post_type menu-item-object-page menu-item-5752\"><a href=\"https:\/\/stage.brancaia.cyon.site\/it\/azienda\/annate\/annata-2010\/\">2010<\/a><\/li>\n<li id=\"menu-item-5753\" class=\"et_pb_menu_page_id-5532 menu-item menu-item-type-post_type menu-item-object-page menu-item-5753\"><a href=\"https:\/\/stage.brancaia.cyon.site\/it\/azienda\/annate\/vitigno-2009\/\">2009<\/a><\/li>\n<li id=\"menu-item-5754\" class=\"et_pb_menu_page_id-5547 menu-item menu-item-type-post_type menu-item-object-page menu-item-5754\"><a href=\"https:\/\/stage.brancaia.cyon.site\/it\/azienda\/annate\/vitigno-2008\/\">2008<\/a><\/li>\n<li id=\"menu-item-5755\" class=\"et_pb_menu_page_id-5563 menu-item menu-item-type-post_type menu-item-object-page menu-item-5755\"><a href=\"https:\/\/stage.brancaia.cyon.site\/it\/azienda\/annate\/vitigno-2007\/\">2007<\/a><\/li>\n<li id=\"menu-item-5756\" class=\"et_pb_menu_page_id-5576 menu-item menu-item-type-post_type menu-item-object-page menu-item-5756\"><a href=\"https:\/\/stage.brancaia.cyon.site\/it\/azienda\/annate\/annata-2006\/\">2006<\/a><\/li>\n<li id=\"menu-item-5757\" class=\"et_pb_menu_page_id-5591 menu-item menu-item-type-post_type menu-item-object-page menu-item-5757\"><a href=\"https:\/\/stage.brancaia.cyon.site\/it\/azienda\/annate\/vitigno-2005\/\">2005<\/a><\/li>\n<li id=\"menu-item-5758\" class=\"et_pb_menu_page_id-5607 menu-item menu-item-type-post_type menu-item-object-page menu-item-5758\"><a href=\"https:\/\/stage.brancaia.cyon.site\/it\/azienda\/annate\/annata-2004\/\">2004<\/a><\/li>\n<li id=\"menu-item-5759\" class=\"et_pb_menu_page_id-5622 menu-item menu-item-type-post_type menu-item-object-page menu-item-5759\"><a href=\"https:\/\/stage.brancaia.cyon.site\/it\/azienda\/annate\/annata-2003\/\">2003<\/a><\/li>\n<li id=\"menu-item-5760\" class=\"et_pb_menu_page_id-5646 menu-item menu-item-type-post_type menu-item-object-page menu-item-5760\"><a href=\"https:\/\/stage.brancaia.cyon.site\/it\/azienda\/annate\/annata-2002\/\">2002<\/a><\/li>\n<li id=\"menu-item-5761\" class=\"et_pb_menu_page_id-5655 menu-item menu-item-type-post_type menu-item-object-page menu-item-5761\"><a href=\"https:\/\/stage.brancaia.cyon.site\/it\/azienda\/annate\/annata-viticola-2001\/\">2001<\/a><\/li>\n<li id=\"menu-item-5762\" class=\"et_pb_menu_page_id-5678 menu-item menu-item-type-post_type menu-item-object-page menu-item-5762\"><a href=\"https:\/\/stage.brancaia.cyon.site\/it\/azienda\/annate\/2000-vigneto\/\">2000<\/a><\/li>\n<li id=\"menu-item-5763\" class=\"et_pb_menu_page_id-5690 menu-item menu-item-type-post_type menu-item-object-page menu-item-5763\"><a href=\"https:\/\/stage.brancaia.cyon.site\/it\/azienda\/annate\/annata-1999\/\">1999<\/a><\/li>\n<li id=\"menu-item-5764\" class=\"et_pb_menu_page_id-5708 menu-item menu-item-type-post_type menu-item-object-page menu-item-5764\"><a href=\"https:\/\/stage.brancaia.cyon.site\/it\/azienda\/annate\/vitigno-1998\/\">1998<\/a><\/li>\n<\/ul><\/nav>\n\t\t\t\t\t\t\t<\/div>\n\t\t\t\t\t\t\t\n\t\t\t\t\t\t\t\n\t\t\t\t\t\t\t<div class=\"et_mobile_nav_menu\">\n\t\t\t\t<div class=\"mobile_nav closed\">\n\t\t\t\t\t<span class=\"mobile_menu_bar\"><\/span>\n\t\t\t\t<\/div>\n\t\t\t<\/div>\n\t\t\t\t\t\t<\/div>\n\t\t\t\t\t\t\n\t\t\t\t\t<\/div>\n\t\t\t\t<\/div>\n\t\t\t<\/div>\n\t\t\t\t\n\t\t\t\t\n\t\t\t\t\n\t\t\t\t\n\t\t\t<\/div><div class=\"et_d4_element et_pb_row et_pb_row_1  et_pb_css_mix_blend_mode et_block_row\">\n\t\t\t\t<div class=\"et_d4_element et_pb_column_4_4 et_pb_column et_pb_column_1  et_pb_css_mix_blend_mode et-last-child et_block_column\">\n\t\t\t\t\n\t\t\t\t\n\t\t\t\t\n\t\t\t\t\n\t\t\t\t<div class=\"et_pb_module et_d4_element et_pb_text et_pb_text_1 ba-title-lead  et_pb_text_align_left et_pb_bg_layout_light\">\n\t\t\t\t\n\t\t\t\t\n\t\t\t\t\n\t\t\t\t\n\t\t\t\t<div class=\"et_pb_text_inner\"><h2 style=\"text-align: center;\">vendemmia 2019<\/h2>\n<p>Dopo un inverno piuttosto mite con poca neve che \u00e8 rimasta appena, abbiamo avuto una primavera piovosa con temperature basse. La fioritura e le successive fasi fenologiche delle viti sono state quindi pi\u00f9 tardive rispetto agli anni precedenti.<\/p>\n<p>Le piogge sono cessate a fine maggio e siamo passati direttamente da condizioni di freddo e umido a condizioni di mezza estate. I due mesi successivi abbiamo avuto una bella giornata dopo l'altra con temperature fino a 40\u00b0 C. Grazie alle abbondanti piogge primaverili non si sono verificati stress indesiderati per le viti. E prima che diventasse troppo secco, c'\u00e8 stata una notte tempestosa e piovosa alla fine di luglio. Questo ha permesso una maturazione perfetta con la giusta dose di stress durante il bello e caldo agosto. Settembre \u00e8 stato caratterizzato da leggere piogge diurne e temperature intorno ai 30\u00b0 C con notti decisamente pi\u00f9 fresche. Queste condizioni climatiche ideali si sono protratte per l'intero ciclo vegetativo. Ci hanno permesso di raccogliere le singole variet\u00e0 alla loro maturit\u00e0 tecnologica e fenolica ottimale.<\/p><\/div>\n\t\t\t<\/div><div class=\"et_pb_module et_d4_element et_pb_text et_pb_text_2 ba-title-lead  et_pb_text_align_left et_pb_bg_layout_light\">\n\t\t\t\t\n\t\t\t\t\n\t\t\t\t\n\t\t\t\t\n\t\t\t\t<div class=\"et_pb_text_inner\"><p>La vendemmia in Maremma \u00e8 iniziata il 23 agosto con il Merlot per il rosato, seguito dal Viognier per Il Bianco. A inizio settembre abbiamo raccolto le restanti uve Merlot, seguite dal Sangiovese, dal Cabernet Sauvignon, dal Cabernet Franc e dal Petit Verdot. In Maremma abbiamo finito a met\u00e0 ottobre.<\/p>\n<p>Nel Chianti la vendemmia \u00e8 iniziata un po'pi\u00f9 tardi rispetto agli anni precedenti. Il Sauvignon Blanc \u00e8 stato raccolto l'11 settembre, seguito dal Merlot. Il Sangiovese \u00e8 stato raccolto da met\u00e0 settembre a inizio ottobre. Nella prima settimana di ottobre abbiamo terminato la nostra vendemmia nel Chianti Classico con il Cabernet Sauvignon.<\/p>\n<p>Siamo molto soddisfatti sia della qualit\u00e0 che della quantit\u00e0. Le condizioni climatiche hanno permesso di raccogliere a mano tutte le uve in uno stato sano e perfettamente maturo<\/p>\n<p>Notizie dalla cantina:<\/p>\n<p>Il rosato \u00e8 molto profumato, con acidit\u00e0 persistente, alcool leggero e un colore chiaro - esattamente come dovrebbe essere.<\/p>\n<p>Il nostro vino bianco ha una grande struttura, bei profumi e una vivace acidit\u00e0. Il Viognier \u00e8 il nostro migliore \u201cmai\u201d.<\/p>\n<p>I vini rossi sono molto ricchi di polifenoli ed estratti, hanno la giusta quantit\u00e0 di alcol, acidit\u00e0 e valori di pH ottimali. In sintesi, hanno tutto ci\u00f2 che serve per divenire vini equilibrati ed eleganti con un alto potenziale di invecchiamento.<\/p><\/div>\n\t\t\t<\/div><div class=\"et_pb_module et_d4_element et_pb_image et_pb_image_0\">\n\t\t\t\t\n\t\t\t\t\n\t\t\t\t\n\t\t\t\t\n\t\t\t\t<span class=\"et_pb_image_wrap \"><img loading=\"lazy\" decoding=\"async\" width=\"1200\" height=\"960\" src=\"https:\/\/stage.brancaia.cyon.site\/wp-content\/uploads\/Brancaia_Weingut_Rebjahr_1200x960px_2019_02.jpg\" alt=\"\" title=\"Brancaia_Weingut_Rebjahr_1200x960px_2019_02\" srcset=\"https:\/\/stage.brancaia.cyon.site\/wp-content\/uploads\/Brancaia_Weingut_Rebjahr_1200x960px_2019_02.jpg 1200w, https:\/\/stage.brancaia.cyon.site\/wp-content\/uploads\/Brancaia_Weingut_Rebjahr_1200x960px_2019_02-980x784.jpg 980w, https:\/\/stage.brancaia.cyon.site\/wp-content\/uploads\/Brancaia_Weingut_Rebjahr_1200x960px_2019_02-480x384.jpg 480w\" sizes=\"(min-width: 0px) and (max-width: 480px) 480px, (min-width: 481px) and (max-width: 980px) 980px, (min-width: 981px) 1200px, 100vw\" class=\"wp-image-3900\" \/><\/span>\n\t\t\t<\/div>\n\t\t\t<\/div>\n\t\t\t\t\n\t\t\t\t\n\t\t\t\t\n\t\t\t\t\n\t\t\t<\/div>\n\t\t\t\t\n\t\t\t\t\n\t\t\t<\/div><\/p>\n","protected":false},"excerpt":{"rendered":"","protected":false},"author":1,"featured_media":0,"parent":2200,"menu_order":8,"comment_status":"closed","ping_status":"closed","template":"","meta":{"_et_pb_use_builder":"on","_et_pb_old_content":"","_et_gb_content_width":"","footnotes":""},"class_list":["post-5386","page","type-page","status-publish","hentry"],"yoast_head":"<!-- This site is optimized with the Yoast SEO plugin v27.1.1 - https:\/\/yoast.com\/product\/yoast-seo-wordpress\/ -->\n<title>Annata del vino 2019 - BRANCAIA<\/title>\n<meta name=\"robots\" content=\"index, follow, max-snippet:-1, max-image-preview:large, max-video-preview:-1\" \/>\n<link rel=\"canonical\" href=\"https:\/\/stage.brancaia.cyon.site\/it\/azienda\/annate\/annata-del-vino-2019\/\" \/>\n<meta property=\"og:locale\" content=\"it_IT\" \/>\n<meta property=\"og:type\" content=\"article\" \/>\n<meta property=\"og:title\" content=\"Annata del vino 2019 - BRANCAIA\" \/>\n<meta property=\"og:url\" content=\"https:\/\/stage.brancaia.cyon.site\/it\/azienda\/annate\/annata-del-vino-2019\/\" \/>\n<meta property=\"og:site_name\" content=\"BRANCAIA\" \/>\n<meta property=\"article:modified_time\" content=\"2021-12-12T13:02:01+00:00\" \/>\n<meta name=\"twitter:card\" content=\"summary_large_image\" \/>\n<meta name=\"twitter:label1\" content=\"Tempo di lettura stimato\" \/>\n\t<meta name=\"twitter:data1\" content=\"3 minuti\" \/>\n<script type=\"application\/ld+json\" class=\"yoast-schema-graph\">{\"@context\":\"https:\/\/schema.org\",\"@graph\":[{\"@type\":\"WebPage\",\"@id\":\"https:\/\/stage.brancaia.cyon.site\/it\/azienda\/annate\/annata-del-vino-2019\/\",\"url\":\"https:\/\/stage.brancaia.cyon.site\/it\/azienda\/annate\/annata-del-vino-2019\/\",\"name\":\"Annata del vino 2019 - BRANCAIA\",\"isPartOf\":{\"@id\":\"https:\/\/stage.brancaia.cyon.site\/it\/#website\"},\"datePublished\":\"2021-02-24T16:42:39+00:00\",\"dateModified\":\"2021-12-12T13:02:01+00:00\",\"breadcrumb\":{\"@id\":\"https:\/\/stage.brancaia.cyon.site\/it\/azienda\/annate\/annata-del-vino-2019\/#breadcrumb\"},\"inLanguage\":\"it-IT\",\"potentialAction\":[{\"@type\":\"ReadAction\",\"target\":[\"https:\/\/stage.brancaia.cyon.site\/it\/azienda\/annate\/annata-del-vino-2019\/\"]}]},{\"@type\":\"BreadcrumbList\",\"@id\":\"https:\/\/stage.brancaia.cyon.site\/it\/azienda\/annate\/annata-del-vino-2019\/#breadcrumb\",\"itemListElement\":[{\"@type\":\"ListItem\",\"position\":1,\"name\":\"Home\",\"item\":\"https:\/\/stage.brancaia.cyon.site\/it\/home\/\"},{\"@type\":\"ListItem\",\"position\":2,\"name\":\"Cantina\",\"item\":\"https:\/\/stage.brancaia.cyon.site\/it\/azienda\/\"},{\"@type\":\"ListItem\",\"position\":3,\"name\":\"Annate\",\"item\":\"https:\/\/stage.brancaia.cyon.site\/it\/azienda\/annate\/\"},{\"@type\":\"ListItem\",\"position\":4,\"name\":\"Annata del vino 2019\"}]},{\"@type\":\"WebSite\",\"@id\":\"https:\/\/stage.brancaia.cyon.site\/it\/#website\",\"url\":\"https:\/\/stage.brancaia.cyon.site\/it\/\",\"name\":\"BRANCAIA\",\"description\":\"Winery &amp; Wines\",\"potentialAction\":[{\"@type\":\"SearchAction\",\"target\":{\"@type\":\"EntryPoint\",\"urlTemplate\":\"https:\/\/stage.brancaia.cyon.site\/it\/?s={search_term_string}\"},\"query-input\":{\"@type\":\"PropertyValueSpecification\",\"valueRequired\":true,\"valueName\":\"search_term_string\"}}],\"inLanguage\":\"it-IT\"}]}<\/script>\n<!-- \/ Yoast SEO plugin. -->","yoast_head_json":{"title":"Annata del vino 2019 - BRANCAIA","robots":{"index":"index","follow":"follow","max-snippet":"max-snippet:-1","max-image-preview":"max-image-preview:large","max-video-preview":"max-video-preview:-1"},"canonical":"https:\/\/stage.brancaia.cyon.site\/it\/azienda\/annate\/annata-del-vino-2019\/","og_locale":"it_IT","og_type":"article","og_title":"Annata del vino 2019 - BRANCAIA","og_url":"https:\/\/stage.brancaia.cyon.site\/it\/azienda\/annate\/annata-del-vino-2019\/","og_site_name":"BRANCAIA","article_modified_time":"2021-12-12T13:02:01+00:00","twitter_card":"summary_large_image","twitter_misc":{"Tempo di lettura stimato":"3 minuti"},"schema":{"@context":"https:\/\/schema.org","@graph":[{"@type":"WebPage","@id":"https:\/\/stage.brancaia.cyon.site\/it\/azienda\/annate\/annata-del-vino-2019\/","url":"https:\/\/stage.brancaia.cyon.site\/it\/azienda\/annate\/annata-del-vino-2019\/","name":"Annata del vino 2019 - BRANCAIA","isPartOf":{"@id":"https:\/\/stage.brancaia.cyon.site\/it\/#website"},"datePublished":"2021-02-24T16:42:39+00:00","dateModified":"2021-12-12T13:02:01+00:00","breadcrumb":{"@id":"https:\/\/stage.brancaia.cyon.site\/it\/azienda\/annate\/annata-del-vino-2019\/#breadcrumb"},"inLanguage":"it-IT","potentialAction":[{"@type":"ReadAction","target":["https:\/\/stage.brancaia.cyon.site\/it\/azienda\/annate\/annata-del-vino-2019\/"]}]},{"@type":"BreadcrumbList","@id":"https:\/\/stage.brancaia.cyon.site\/it\/azienda\/annate\/annata-del-vino-2019\/#breadcrumb","itemListElement":[{"@type":"ListItem","position":1,"name":"Home","item":"https:\/\/stage.brancaia.cyon.site\/it\/home\/"},{"@type":"ListItem","position":2,"name":"Cantina","item":"https:\/\/stage.brancaia.cyon.site\/it\/azienda\/"},{"@type":"ListItem","position":3,"name":"Annate","item":"https:\/\/stage.brancaia.cyon.site\/it\/azienda\/annate\/"},{"@type":"ListItem","position":4,"name":"Annata del vino 2019"}]},{"@type":"WebSite","@id":"https:\/\/stage.brancaia.cyon.site\/it\/#website","url":"https:\/\/stage.brancaia.cyon.site\/it\/","name":"BRANCAIA","description":"Winery &amp; Wines","potentialAction":[{"@type":"SearchAction","target":{"@type":"EntryPoint","urlTemplate":"https:\/\/stage.brancaia.cyon.site\/it\/?s={search_term_string}"},"query-input":{"@type":"PropertyValueSpecification","valueRequired":true,"valueName":"search_term_string"}}],"inLanguage":"it-IT"}]}},"_links":{"self":[{"href":"https:\/\/stage.brancaia.cyon.site\/it\/wp-json\/wp\/v2\/pages\/5386","targetHints":{"allow":["GET"]}}],"collection":[{"href":"https:\/\/stage.brancaia.cyon.site\/it\/wp-json\/wp\/v2\/pages"}],"about":[{"href":"https:\/\/stage.brancaia.cyon.site\/it\/wp-json\/wp\/v2\/types\/page"}],"author":[{"embeddable":true,"href":"https:\/\/stage.brancaia.cyon.site\/it\/wp-json\/wp\/v2\/users\/1"}],"replies":[{"embeddable":true,"href":"https:\/\/stage.brancaia.cyon.site\/it\/wp-json\/wp\/v2\/comments?post=5386"}],"version-history":[{"count":7,"href":"https:\/\/stage.brancaia.cyon.site\/it\/wp-json\/wp\/v2\/pages\/5386\/revisions"}],"predecessor-version":[{"id":8985,"href":"https:\/\/stage.brancaia.cyon.site\/it\/wp-json\/wp\/v2\/pages\/5386\/revisions\/8985"}],"up":[{"embeddable":true,"href":"https:\/\/stage.brancaia.cyon.site\/it\/wp-json\/wp\/v2\/pages\/2200"}],"wp:attachment":[{"href":"https:\/\/stage.brancaia.cyon.site\/it\/wp-json\/wp\/v2\/media?parent=5386"}],"curies":[{"name":"wp","href":"https:\/\/api.w.org\/{rel}","templated":true}]}}