{"id":4125,"date":"2021-02-22T08:37:24","date_gmt":"2021-02-22T07:37:24","guid":{"rendered":"https:\/\/brancaia.cyon.site\/riguardo-a-noi\/40-anni-di-brancaia\/"},"modified":"2022-11-18T09:57:15","modified_gmt":"2022-11-18T08:57:15","slug":"40-anni-di-brancaia","status":"publish","type":"page","link":"https:\/\/stage.brancaia.cyon.site\/it\/chi-siamo\/40-anni-di-brancaia\/","title":{"rendered":"40 anni di Brancaia"},"content":{"rendered":"<p><div class=\"et_d4_element et_pb_section et_pb_section_0  et_pb_css_mix_blend_mode et_pb_fullwidth_section et_section_regular et_block_section\" >\n\t\t\t\t\n\t\t\t\t\n\t\t\t\t\n\t\t\t\t\n\t\t\t\t\n\t\t\t\t\n\t\t\t\t<section class=\"et_pb_module et_d4_element et_pb_fullwidth_header et_pb_fullwidth_header_0  et_pb_css_mix_blend_mode et_pb_text_align_left et_pb_bg_layout_dark\">\n\t\t\t\t\n\t\t\t\t\n\t\t\t\t\n\t\t\t\t\n\t\t\t\t<div class=\"et_pb_fullwidth_header_container left\">\n\t\t\t\t\t<div class=\"header-content-container center\">\n\t\t\t\t\t<div class=\"header-content\">\n\t\t\t\t\t\t\n\t\t\t\t\t\t<h1 class=\"et_pb_module_header\"> <\/h1>\n\t\t\t\t\t\t\n\t\t\t\t\t\t<div class=\"et_pb_header_content_wrapper\"><\/div>\n\t\t\t\t\t\t\n\t\t\t\t\t<\/div>\n\t\t\t\t<\/div>\n\t\t\t\t\t\n\t\t\t\t<\/div>\n\t\t\t\t<div class=\"et_pb_fullwidth_header_overlay\"><\/div>\n\t\t\t\t<div class=\"et_pb_fullwidth_header_scroll\"><\/div>\n\t\t\t<\/section>\n\t\t\t\t\n\t\t\t\t\n\t\t\t<\/div><div class=\"et_d4_element et_pb_section et_pb_section_1  et_pb_css_mix_blend_mode et_section_regular et_block_section\" >\n\t\t\t\t\n\t\t\t\t\n\t\t\t\t\n\t\t\t\t\n\t\t\t\t\n\t\t\t\t\n\t\t\t\t<div class=\"et_d4_element et_pb_row et_pb_row_0  et_pb_css_mix_blend_mode et_block_row\">\n\t\t\t\t<div class=\"et_d4_element et_pb_column_4_4 et_pb_column et_pb_column_0  et_pb_css_mix_blend_mode et-last-child et_block_column\">\n\t\t\t\t\n\t\t\t\t\n\t\t\t\t\n\t\t\t\t\n\t\t\t\t<div class=\"et_pb_module et_d4_element et_pb_text et_pb_text_0  et_pb_text_align_left et_pb_bg_layout_light\">\n\t\t\t\t\n\t\t\t\t\n\t\t\t\t\n\t\t\t\t\n\t\t\t\t<div class=\"et_pb_text_inner\"><h1>40 anni di Brancaia<\/h1><\/div>\n\t\t\t<\/div><div class=\"et_pb_module et_d4_element et_pb_text et_pb_text_1 ba-lead-module  et_pb_text_align_left et_pb_bg_layout_light\">\n\t\t\t\t\n\t\t\t\t\n\t\t\t\t\n\t\t\t\t\n\t\t\t\t<div class=\"et_pb_text_inner\"><h2 style=\"text-align: center;\">UN ANNO DI COMPLEANNI E ANNIVERSARI PER BRANCAIA NEL 2021<\/h2>\n<p>Nel 2021 Brancaia ha potuto festeggiare diversi anniversari importanti: Brigitte e Bruno Widmer hanno acquisito Brancaia 40 anni fa e nel 2021 hanno festeggiato il loro 80\u00b0 compleanno. Nel settembre 2021, il prodotto di punta di Brancaia, IL BLU, ha festeggiato il suo 30\u00b0 compleanno con l'annata 2018. E per Barbara Widmer, direttore generale ed enologa di Brancaia, la vendemmia 2018 \u00e8 stata la ventesima e nel 2021 festegger\u00e0 anche un compleanno rotondo, il suo cinquantesimo.<\/p><\/div>\n\t\t\t<\/div><div class=\"et_pb_module et_d4_element et_pb_text et_pb_text_2 ba-title-lead  et_pb_text_align_left et_pb_bg_layout_light\">\n\t\t\t\t\n\t\t\t\t\n\t\t\t\t\n\t\t\t\t\n\t\t\t\t<div class=\"et_pb_text_inner\"><p>\u00c8 chiaro che con tanti compleanni e anniversari importanti, dovevano esserci anche dei festeggiamenti. Sono apparse diverse pubblicazioni. Ad esempio, la rivista tedesca \"Credum\" ha pubblicato un articolo speciale sui 40 anni di storia di Brancaia e sul 30\u00b0 anniversario de Il Blu. E verso la fine dell'anno \u00e8 stata lanciata la Collezione Brancaia.<\/p><\/div>\n\t\t\t<\/div><div class=\"et_pb_module et_d4_element et_pb_image et_pb_image_0\">\n\t\t\t\t\n\t\t\t\t\n\t\t\t\t\n\t\t\t\t\n\t\t\t\t<span class=\"et_pb_image_wrap \"><img loading=\"lazy\" decoding=\"async\" width=\"1200\" height=\"960\" src=\"https:\/\/stage.brancaia.cyon.site\/wp-content\/uploads\/Brancaia_Geschichte_1980_1200x960px_02..jpg\" alt=\"\" title=\"Brancaia_History_1980_1200x960px_02.\" srcset=\"https:\/\/stage.brancaia.cyon.site\/wp-content\/uploads\/Brancaia_Geschichte_1980_1200x960px_02..jpg 1200w, https:\/\/stage.brancaia.cyon.site\/wp-content\/uploads\/Brancaia_Geschichte_1980_1200x960px_02.-980x784.jpg 980w, https:\/\/stage.brancaia.cyon.site\/wp-content\/uploads\/Brancaia_Geschichte_1980_1200x960px_02.-480x384.jpg 480w\" sizes=\"(min-width: 0px) and (max-width: 480px) 480px, (min-width: 481px) and (max-width: 980px) 980px, (min-width: 981px) 1200px, 100vw\" class=\"wp-image-3529\" \/><\/span>\n\t\t\t<\/div><div class=\"et_pb_module et_d4_element et_pb_text et_pb_text_3 ba-title-lead  et_pb_text_align_left et_pb_bg_layout_light\">\n\t\t\t\t\n\t\t\t\t\n\t\t\t\t\n\t\t\t\t\n\t\t\t\t<div class=\"et_pb_text_inner\"><p>Il nostro importatore e partner svizzero, Vinothek Brancaia, ha tenuto una degustazione online in diretta con Barbara Widmer nella primavera del 2021. Vinothek Brancaia svolge un ruolo importante nello sviluppo dell'azienda e ha venduto il primo vino Brancaia, il Chianti Classico, nel 1983. Per celebrare il 40\u00b0 anniversario della cantina, Brancaia e Vinothek Brancaia hanno lanciato sul mercato svizzero una \"Edizione Limitata Brancaia 40 Anni\" di Chianti Classico 2019. Il Chianti Classico \u00e8 apparso per la prima volta con la sua nuova etichetta per celebrare l'occasione.<\/p>\n<p>L'edizione anniversario de Il Blu 2018 \u00e8 disponibile sul mercato da settembre 2021. Il 2018 \u00e8 stato un anno fantastico che ha reso giustizia al grande anniversario sotto ogni aspetto. Il Blu \u00e8 stato lanciato per questa occasione speciale in edizione limitata con una scatola di legno da 6 pezzi per l'anniversario e un'etichetta festosa.<\/p>\n<p>L'edizione anniversario de Il Blu 2018 \u00e8 disponibile sul mercato da settembre 2021. Il 2018 \u00e8 stato un anno impressionante per Brancaia e siamo orgogliosi di tutti i nostri risultati. Ringraziamo tutti i nostri amici e clienti per il loro sostegno e guardiamo ai prossimi 40 anni!<br \/>Queste sono solo alcune delle attivit\u00e0 che si sono svolte intorno al grande anniversario.<\/p><\/div>\n\t\t\t<\/div>\n\t\t\t<\/div>\n\t\t\t\t\n\t\t\t\t\n\t\t\t\t\n\t\t\t\t\n\t\t\t<\/div>\n\t\t\t\t\n\t\t\t\t\n\t\t\t<\/div><\/p>\n","protected":false},"excerpt":{"rendered":"","protected":false},"author":1,"featured_media":0,"parent":1589,"menu_order":13,"comment_status":"closed","ping_status":"closed","template":"","meta":{"_et_pb_use_builder":"on","_et_pb_old_content":"","_et_gb_content_width":"","footnotes":""},"class_list":["post-4125","page","type-page","status-publish","hentry"],"yoast_head":"<!-- This site is optimized with the Yoast SEO plugin v27.1.1 - https:\/\/yoast.com\/product\/yoast-seo-wordpress\/ -->\n<title>40 anni di Brancaia - BRANCAIA<\/title>\n<meta name=\"robots\" content=\"index, follow, max-snippet:-1, max-image-preview:large, max-video-preview:-1\" \/>\n<link rel=\"canonical\" href=\"https:\/\/stage.brancaia.cyon.site\/it\/chi-siamo\/40-anni-di-brancaia\/\" \/>\n<meta property=\"og:locale\" content=\"it_IT\" \/>\n<meta property=\"og:type\" content=\"article\" \/>\n<meta property=\"og:title\" content=\"40 anni di Brancaia - BRANCAIA\" \/>\n<meta property=\"og:url\" content=\"https:\/\/stage.brancaia.cyon.site\/it\/chi-siamo\/40-anni-di-brancaia\/\" \/>\n<meta property=\"og:site_name\" content=\"BRANCAIA\" \/>\n<meta property=\"article:modified_time\" content=\"2022-11-18T08:57:15+00:00\" \/>\n<meta name=\"twitter:card\" content=\"summary_large_image\" \/>\n<meta name=\"twitter:label1\" content=\"Tempo di lettura stimato\" \/>\n\t<meta name=\"twitter:data1\" content=\"3 minuti\" \/>\n<script type=\"application\/ld+json\" class=\"yoast-schema-graph\">{\"@context\":\"https:\/\/schema.org\",\"@graph\":[{\"@type\":\"WebPage\",\"@id\":\"https:\/\/stage.brancaia.cyon.site\/it\/chi-siamo\/40-anni-di-brancaia\/\",\"url\":\"https:\/\/stage.brancaia.cyon.site\/it\/chi-siamo\/40-anni-di-brancaia\/\",\"name\":\"40 anni di Brancaia - BRANCAIA\",\"isPartOf\":{\"@id\":\"https:\/\/stage.brancaia.cyon.site\/it\/#website\"},\"datePublished\":\"2021-02-22T07:37:24+00:00\",\"dateModified\":\"2022-11-18T08:57:15+00:00\",\"breadcrumb\":{\"@id\":\"https:\/\/stage.brancaia.cyon.site\/it\/chi-siamo\/40-anni-di-brancaia\/#breadcrumb\"},\"inLanguage\":\"it-IT\",\"potentialAction\":[{\"@type\":\"ReadAction\",\"target\":[\"https:\/\/stage.brancaia.cyon.site\/it\/chi-siamo\/40-anni-di-brancaia\/\"]}]},{\"@type\":\"BreadcrumbList\",\"@id\":\"https:\/\/stage.brancaia.cyon.site\/it\/chi-siamo\/40-anni-di-brancaia\/#breadcrumb\",\"itemListElement\":[{\"@type\":\"ListItem\",\"position\":1,\"name\":\"Home\",\"item\":\"https:\/\/stage.brancaia.cyon.site\/it\/home\/\"},{\"@type\":\"ListItem\",\"position\":2,\"name\":\"Chi siamo\",\"item\":\"https:\/\/stage.brancaia.cyon.site\/it\/chi-siamo\/\"},{\"@type\":\"ListItem\",\"position\":3,\"name\":\"40 anni di Brancaia\"}]},{\"@type\":\"WebSite\",\"@id\":\"https:\/\/stage.brancaia.cyon.site\/it\/#website\",\"url\":\"https:\/\/stage.brancaia.cyon.site\/it\/\",\"name\":\"BRANCAIA\",\"description\":\"Winery &amp; Wines\",\"potentialAction\":[{\"@type\":\"SearchAction\",\"target\":{\"@type\":\"EntryPoint\",\"urlTemplate\":\"https:\/\/stage.brancaia.cyon.site\/it\/?s={search_term_string}\"},\"query-input\":{\"@type\":\"PropertyValueSpecification\",\"valueRequired\":true,\"valueName\":\"search_term_string\"}}],\"inLanguage\":\"it-IT\"}]}<\/script>\n<!-- \/ Yoast SEO plugin. -->","yoast_head_json":{"title":"40 anni di Brancaia - BRANCAIA","robots":{"index":"index","follow":"follow","max-snippet":"max-snippet:-1","max-image-preview":"max-image-preview:large","max-video-preview":"max-video-preview:-1"},"canonical":"https:\/\/stage.brancaia.cyon.site\/it\/chi-siamo\/40-anni-di-brancaia\/","og_locale":"it_IT","og_type":"article","og_title":"40 anni di Brancaia - BRANCAIA","og_url":"https:\/\/stage.brancaia.cyon.site\/it\/chi-siamo\/40-anni-di-brancaia\/","og_site_name":"BRANCAIA","article_modified_time":"2022-11-18T08:57:15+00:00","twitter_card":"summary_large_image","twitter_misc":{"Tempo di lettura stimato":"3 minuti"},"schema":{"@context":"https:\/\/schema.org","@graph":[{"@type":"WebPage","@id":"https:\/\/stage.brancaia.cyon.site\/it\/chi-siamo\/40-anni-di-brancaia\/","url":"https:\/\/stage.brancaia.cyon.site\/it\/chi-siamo\/40-anni-di-brancaia\/","name":"40 anni di Brancaia - BRANCAIA","isPartOf":{"@id":"https:\/\/stage.brancaia.cyon.site\/it\/#website"},"datePublished":"2021-02-22T07:37:24+00:00","dateModified":"2022-11-18T08:57:15+00:00","breadcrumb":{"@id":"https:\/\/stage.brancaia.cyon.site\/it\/chi-siamo\/40-anni-di-brancaia\/#breadcrumb"},"inLanguage":"it-IT","potentialAction":[{"@type":"ReadAction","target":["https:\/\/stage.brancaia.cyon.site\/it\/chi-siamo\/40-anni-di-brancaia\/"]}]},{"@type":"BreadcrumbList","@id":"https:\/\/stage.brancaia.cyon.site\/it\/chi-siamo\/40-anni-di-brancaia\/#breadcrumb","itemListElement":[{"@type":"ListItem","position":1,"name":"Home","item":"https:\/\/stage.brancaia.cyon.site\/it\/home\/"},{"@type":"ListItem","position":2,"name":"Chi siamo","item":"https:\/\/stage.brancaia.cyon.site\/it\/chi-siamo\/"},{"@type":"ListItem","position":3,"name":"40 anni di Brancaia"}]},{"@type":"WebSite","@id":"https:\/\/stage.brancaia.cyon.site\/it\/#website","url":"https:\/\/stage.brancaia.cyon.site\/it\/","name":"BRANCAIA","description":"Winery &amp; Wines","potentialAction":[{"@type":"SearchAction","target":{"@type":"EntryPoint","urlTemplate":"https:\/\/stage.brancaia.cyon.site\/it\/?s={search_term_string}"},"query-input":{"@type":"PropertyValueSpecification","valueRequired":true,"valueName":"search_term_string"}}],"inLanguage":"it-IT"}]}},"_links":{"self":[{"href":"https:\/\/stage.brancaia.cyon.site\/it\/wp-json\/wp\/v2\/pages\/4125","targetHints":{"allow":["GET"]}}],"collection":[{"href":"https:\/\/stage.brancaia.cyon.site\/it\/wp-json\/wp\/v2\/pages"}],"about":[{"href":"https:\/\/stage.brancaia.cyon.site\/it\/wp-json\/wp\/v2\/types\/page"}],"author":[{"embeddable":true,"href":"https:\/\/stage.brancaia.cyon.site\/it\/wp-json\/wp\/v2\/users\/1"}],"replies":[{"embeddable":true,"href":"https:\/\/stage.brancaia.cyon.site\/it\/wp-json\/wp\/v2\/comments?post=4125"}],"version-history":[{"count":20,"href":"https:\/\/stage.brancaia.cyon.site\/it\/wp-json\/wp\/v2\/pages\/4125\/revisions"}],"predecessor-version":[{"id":11129,"href":"https:\/\/stage.brancaia.cyon.site\/it\/wp-json\/wp\/v2\/pages\/4125\/revisions\/11129"}],"up":[{"embeddable":true,"href":"https:\/\/stage.brancaia.cyon.site\/it\/wp-json\/wp\/v2\/pages\/1589"}],"wp:attachment":[{"href":"https:\/\/stage.brancaia.cyon.site\/it\/wp-json\/wp\/v2\/media?parent=4125"}],"curies":[{"name":"wp","href":"https:\/\/api.w.org\/{rel}","templated":true}]}}