{"id":1942,"date":"2021-01-05T18:18:08","date_gmt":"2021-01-05T17:18:08","guid":{"rendered":"https:\/\/brancaia.cyon.site\/riguardo-a-noi\/storia\/cronologia-1980\/"},"modified":"2025-02-03T17:46:12","modified_gmt":"2025-02-03T16:46:12","slug":"cronologia-1980","status":"publish","type":"page","link":"https:\/\/stage.brancaia.cyon.site\/it\/chi-siamo\/storia\/cronologia-1980\/","title":{"rendered":"Cronologia 1980"},"content":{"rendered":"<p><div class=\"et_d4_element et_pb_section et_pb_section_0  et_pb_css_mix_blend_mode et_pb_fullwidth_section et_section_regular et_block_section\" >\n\t\t\t\t\n\t\t\t\t\n\t\t\t\t\n\t\t\t\t\n\t\t\t\t\n\t\t\t\t\n\t\t\t\t<section class=\"et_pb_module et_d4_element et_pb_fullwidth_header et_pb_fullwidth_header_0  et_pb_css_mix_blend_mode et_pb_text_align_left et_pb_bg_layout_dark\">\n\t\t\t\t\n\t\t\t\t\n\t\t\t\t\n\t\t\t\t\n\t\t\t\t<div class=\"et_pb_fullwidth_header_container left\">\n\t\t\t\t\t<div class=\"header-content-container center\">\n\t\t\t\t\t<div class=\"header-content\">\n\t\t\t\t\t\t\n\t\t\t\t\t\t<h1 class=\"et_pb_module_header\"> <\/h1>\n\t\t\t\t\t\t\n\t\t\t\t\t\t<div class=\"et_pb_header_content_wrapper\"><\/div>\n\t\t\t\t\t\t\n\t\t\t\t\t<\/div>\n\t\t\t\t<\/div>\n\t\t\t\t\t\n\t\t\t\t<\/div>\n\t\t\t\t<div class=\"et_pb_fullwidth_header_overlay\"><\/div>\n\t\t\t\t<div class=\"et_pb_fullwidth_header_scroll\"><\/div>\n\t\t\t<\/section>\n\t\t\t\t\n\t\t\t\t\n\t\t\t<\/div><div class=\"et_d4_element et_pb_section et_pb_section_1  et_pb_css_mix_blend_mode et_section_regular et_pb_section--with-menu et_block_section\" >\n\t\t\t\t\n\t\t\t\t\n\t\t\t\t\n\t\t\t\t\n\t\t\t\t\n\t\t\t\t\n\t\t\t\t<div class=\"et_d4_element et_pb_row et_pb_row_0  et_pb_css_mix_blend_mode et_pb_row--with-menu et_block_row\">\n\t\t\t\t<div class=\"et_d4_element et_pb_column_4_4 et_pb_column et_pb_column_0  et_pb_css_mix_blend_mode et-last-child et_pb_column--with-menu et_block_column\">\n\t\t\t\t\n\t\t\t\t\n\t\t\t\t\n\t\t\t\t\n\t\t\t\t<div id=\"ba-history-menu\" class=\"et_pb_module et_d4_element et_pb_menu et_pb_menu_0 et_pb_bg_layout_light  et_pb_text_align_left et_dropdown_animation_fade et_pb_menu--without-logo et_pb_menu--style-left_aligned\">\n\t\t\t\t\t\n\t\t\t\t\t\n\t\t\t\t\t\n\t\t\t\t\t\n\t\t\t\t\t<div class=\"et_pb_menu_inner_container clearfix\">\n\t\t\t\t\t\t\n\t\t\t\t\t\t<div class=\"et_pb_menu__wrap\">\n\t\t\t\t\t\t\t<div class=\"et_pb_menu__menu\">\n\t\t\t\t\t\t\t\t<nav class=\"et-menu-nav\"><ul id=\"menu-geschichte-it\" class=\"et-menu nav\"><li id=\"menu-item-1953\" class=\"et_pb_menu_page_id-1881 menu-item menu-item-type-post_type menu-item-object-page menu-item-1953\"><a href=\"https:\/\/stage.brancaia.cyon.site\/it\/chi-siamo\/storia\/cronologia-2020\/\">2020+<\/a><\/li>\n<li id=\"menu-item-1954\" class=\"et_pb_menu_page_id-1893 menu-item menu-item-type-post_type menu-item-object-page menu-item-1954\"><a href=\"https:\/\/stage.brancaia.cyon.site\/it\/chi-siamo\/storia\/cronologia-2010\/\">2010 \u2013 2019<\/a><\/li>\n<li id=\"menu-item-1955\" class=\"et_pb_menu_page_id-1911 menu-item menu-item-type-post_type menu-item-object-page menu-item-1955\"><a href=\"https:\/\/stage.brancaia.cyon.site\/it\/chi-siamo\/storia\/cronologia-2000\/\">2000 \u2013 2009<\/a><\/li>\n<li id=\"menu-item-1956\" class=\"et_pb_menu_page_id-1926 menu-item menu-item-type-post_type menu-item-object-page menu-item-1956\"><a href=\"https:\/\/stage.brancaia.cyon.site\/it\/chi-siamo\/storia\/cronologia-1990\/\">1990 \u2013 1999<\/a><\/li>\n<li id=\"menu-item-1957\" class=\"et_pb_menu_page_id-1942 menu-item menu-item-type-post_type menu-item-object-page menu-item-1957\"><a href=\"https:\/\/stage.brancaia.cyon.site\/it\/chi-siamo\/storia\/cronologia-1980\/\">1980 \u2013 1989<\/a><\/li>\n<\/ul><\/nav>\n\t\t\t\t\t\t\t<\/div>\n\t\t\t\t\t\t\t\n\t\t\t\t\t\t\t\n\t\t\t\t\t\t\t<div class=\"et_mobile_nav_menu\">\n\t\t\t\t<div class=\"mobile_nav closed\">\n\t\t\t\t\t<span class=\"mobile_menu_bar\"><\/span>\n\t\t\t\t<\/div>\n\t\t\t<\/div>\n\t\t\t\t\t\t<\/div>\n\t\t\t\t\t\t\n\t\t\t\t\t<\/div>\n\t\t\t\t<\/div>\n\t\t\t<\/div>\n\t\t\t\t\n\t\t\t\t\n\t\t\t\t\n\t\t\t\t\n\t\t\t<\/div><div class=\"et_d4_element et_pb_row et_pb_row_1  et_pb_css_mix_blend_mode et_block_row\">\n\t\t\t\t<div class=\"et_d4_element et_pb_column_4_4 et_pb_column et_pb_column_1  et_pb_css_mix_blend_mode et-last-child et_block_column\">\n\t\t\t\t\n\t\t\t\t\n\t\t\t\t\n\t\t\t\t\n\t\t\t\t<div class=\"et_pb_module et_d4_element et_pb_text et_pb_text_0  et_pb_text_align_left et_pb_bg_layout_light\">\n\t\t\t\t\n\t\t\t\t\n\t\t\t\t\n\t\t\t\t\n\t\t\t\t<div class=\"et_pb_text_inner\"><h1>Cronologia 1980-1989<\/h1>\n<p>&nbsp;<\/p><\/div>\n\t\t\t<\/div>\n\t\t\t<\/div>\n\t\t\t\t\n\t\t\t\t\n\t\t\t\t\n\t\t\t\t\n\t\t\t<\/div><div class=\"et_d4_element et_pb_row et_pb_row_2  et_pb_css_mix_blend_mode et_block_row\">\n\t\t\t\t<div class=\"et_d4_element et_pb_column_1_2 et_pb_column et_pb_column_2  et_pb_css_mix_blend_mode et_block_column\">\n\t\t\t\t\n\t\t\t\t\n\t\t\t\t\n\t\t\t\t\n\t\t\t\t<div class=\"et_pb_module et_d4_element et_pb_text et_pb_text_1  et_pb_text_align_left et_pb_bg_layout_light\">\n\t\t\t\t\n\t\t\t\t\n\t\t\t\t\n\t\t\t\t\n\t\t\t\t<div class=\"et_pb_text_inner\"><p><strong>Nel 1980 i Widmer si recano in Toscana per una visita natalizia.<\/strong> Bruno Widmer si innamora subito del colle Brancaia. \"Dalla casa del nostro amico Ruedi Bettschart abbiamo visto questo bellissimo pezzo di terra\", ricorda. \u201cL'intera area era coperta dalla nebbia mattutina, ma Brancaia era al sole. Uno spettacolo magico! \" Quindi \u00e8 un bene che il precedente proprietario dalla Gran Bretagna voglia rinunciare alla tenuta. Il contadino che per lui curava le vigne \u00e8 morto, lui stesso ha settant'anni. Brigitte Widmer \u00e8 inizialmente scettica. Ma oggi dice: \"Brancaia significa molto per me - e ogni giorno di pi\u00f9\".<\/p><\/div>\n\t\t\t<\/div><div class=\"et_pb_module et_d4_element et_pb_image et_pb_image_0\">\n\t\t\t\t\n\t\t\t\t\n\t\t\t\t\n\t\t\t\t\n\t\t\t\t<span class=\"et_pb_image_wrap \"><img loading=\"lazy\" decoding=\"async\" width=\"1200\" height=\"960\" src=\"https:\/\/stage.brancaia.cyon.site\/wp-content\/uploads\/Brancaia_Geschichte_Poppi_vor_unserer_Zeit_1200x960px.jpg\" alt=\"\" title=\"Brancaia_History_Poppi_before_our_time_1200x960px\" srcset=\"https:\/\/stage.brancaia.cyon.site\/wp-content\/uploads\/Brancaia_Geschichte_Poppi_vor_unserer_Zeit_1200x960px.jpg 1200w, https:\/\/stage.brancaia.cyon.site\/wp-content\/uploads\/Brancaia_Geschichte_Poppi_vor_unserer_Zeit_1200x960px-980x784.jpg 980w, https:\/\/stage.brancaia.cyon.site\/wp-content\/uploads\/Brancaia_Geschichte_Poppi_vor_unserer_Zeit_1200x960px-480x384.jpg 480w\" sizes=\"(min-width: 0px) and (max-width: 480px) 480px, (min-width: 481px) and (max-width: 980px) 980px, (min-width: 981px) 1200px, 100vw\" class=\"wp-image-3490\" \/><\/span>\n\t\t\t<\/div><div class=\"et_pb_module et_d4_element et_pb_text et_pb_text_2  et_pb_text_align_left et_pb_bg_layout_light\">\n\t\t\t\t\n\t\t\t\t\n\t\t\t\t\n\t\t\t\t\n\t\t\t\t<div class=\"et_pb_text_inner\"><p><strong>Nel 1983 il nuovo stoccaggio dei vigneti a Castellina apre una nuova era per Bruno e Brigitte Widmer.<\/strong> Allo stesso tempo, quattro appartamenti per vacanze ristrutturati con cura vengono costruiti nell'antica casa padronale sulla collina Brancaia. Progressi anche in termini di personale: i Widmer assumono il loro primo dipendente a tempo indeterminato.<\/p><\/div>\n\t\t\t<\/div><div class=\"et_pb_module et_d4_element et_pb_text et_pb_text_3  et_pb_text_align_left et_pb_bg_layout_light\">\n\t\t\t\t\n\t\t\t\t\n\t\t\t\t\n\t\t\t\t\n\t\t\t\t<div class=\"et_pb_text_inner\"><p><strong>Nel 1986 Brancaia vinse una degustazione alla cieca di Chianti Classico del 1983 organizzata dalla rivista svizzera di vini \u201cVinum\u201d - e all'improvviso tutti ne parlarono.<\/strong> \"Un vero colpo di fortuna\", afferma Brigitte Widmer. \u201cLo stupore della giuria\u201d, continua, \u201c\u00e8 stato cos\u00ec grande che alcune persone hanno chiesto un'altra degustazione. Il commerciante di vino, che aveva fatto una campagna per la degustazione del nostro Chianti, lo ha impedito \".<\/p><\/div>\n\t\t\t<\/div><div class=\"et_pb_module et_d4_element et_pb_image et_pb_image_1\">\n\t\t\t\t\n\t\t\t\t\n\t\t\t\t\n\t\t\t\t\n\t\t\t\t<span class=\"et_pb_image_wrap \"><img loading=\"lazy\" decoding=\"async\" width=\"1200\" height=\"960\" src=\"https:\/\/stage.brancaia.cyon.site\/wp-content\/uploads\/Brancaia_Geschichte_Poppi_Bau_1200x960px_03-1.jpg\" alt=\"\" title=\"Brancaia_History_Poppi_Bau_1200x960px_03\" srcset=\"https:\/\/stage.brancaia.cyon.site\/wp-content\/uploads\/Brancaia_Geschichte_Poppi_Bau_1200x960px_03-1.jpg 1200w, https:\/\/stage.brancaia.cyon.site\/wp-content\/uploads\/Brancaia_Geschichte_Poppi_Bau_1200x960px_03-1-980x784.jpg 980w, https:\/\/stage.brancaia.cyon.site\/wp-content\/uploads\/Brancaia_Geschichte_Poppi_Bau_1200x960px_03-1-480x384.jpg 480w\" sizes=\"(min-width: 0px) and (max-width: 480px) 480px, (min-width: 481px) and (max-width: 980px) 980px, (min-width: 981px) 1200px, 100vw\" class=\"wp-image-3504\" \/><\/span>\n\t\t\t<\/div><div class=\"et_pb_module et_d4_element et_pb_text et_pb_text_4  et_pb_text_align_left et_pb_bg_layout_light\">\n\t\t\t\t\n\t\t\t\t\n\t\t\t\t\n\t\t\t\t\n\t\t\t\t<div class=\"et_pb_text_inner\"><p><strong>Nel 1989 i Widmer acquistano una propriet\u00e0 di 53 ettari nel sito di Poppi a Radda.<\/strong> I suoi vigneti sono completamente trascurati, ma anche completamente circondati da boschi - e quindi predestinati alla viticoltura ecologica. La casa che sta l\u00ec sembra un rudere, non ha n\u00e9 elettricit\u00e0 n\u00e9 acqua corrente. La rimessa attrezzi \u00e8 un colpo di fortuna: d\u00e0 l'opportunit\u00e0 alla nuova coppia di proprietari dalla Svizzera di richiedere il permesso di costruire per la propria cantina. Parallelamente a questi eventi, viene formato il primo team Brancaia con sei dipendenti. Quaranta oggi.<\/p><\/div>\n\t\t\t<\/div><div class=\"et_pb_module et_d4_element et_pb_image et_pb_image_2\">\n\t\t\t\t\n\t\t\t\t\n\t\t\t\t\n\t\t\t\t\n\t\t\t\t<span class=\"et_pb_image_wrap \"><img loading=\"lazy\" decoding=\"async\" width=\"1200\" height=\"960\" src=\"https:\/\/stage.brancaia.cyon.site\/wp-content\/uploads\/Brancaia_Geschichte_1980_1200x960px_01.jpg\" alt=\"\" title=\"Brancaia_History_1980_1200x960px_01\" srcset=\"https:\/\/stage.brancaia.cyon.site\/wp-content\/uploads\/Brancaia_Geschichte_1980_1200x960px_01.jpg 1200w, https:\/\/stage.brancaia.cyon.site\/wp-content\/uploads\/Brancaia_Geschichte_1980_1200x960px_01-980x784.jpg 980w, https:\/\/stage.brancaia.cyon.site\/wp-content\/uploads\/Brancaia_Geschichte_1980_1200x960px_01-480x384.jpg 480w\" sizes=\"(min-width: 0px) and (max-width: 480px) 480px, (min-width: 481px) and (max-width: 980px) 980px, (min-width: 981px) 1200px, 100vw\" class=\"wp-image-3526\" \/><\/span>\n\t\t\t<\/div>\n\t\t\t<\/div><div class=\"et_d4_element et_pb_column_1_2 et_pb_column et_pb_column_3  et_pb_css_mix_blend_mode et-last-child et_block_column\">\n\t\t\t\t\n\t\t\t\t\n\t\t\t\t\n\t\t\t\t\n\t\t\t\t<div class=\"et_pb_module et_d4_element et_pb_image et_pb_image_3\">\n\t\t\t\t\n\t\t\t\t\n\t\t\t\t\n\t\t\t\t\n\t\t\t\t<span class=\"et_pb_image_wrap \"><img loading=\"lazy\" decoding=\"async\" width=\"1200\" height=\"1500\" src=\"https:\/\/stage.brancaia.cyon.site\/wp-content\/uploads\/Brancaia_Geschichte_Familien-Fotos_1200x960px.jpg\" alt=\"\" title=\"Brancaia_History_Family-Foto_1200x960px\" srcset=\"https:\/\/stage.brancaia.cyon.site\/wp-content\/uploads\/Brancaia_Geschichte_Familien-Fotos_1200x960px.jpg 1200w, https:\/\/stage.brancaia.cyon.site\/wp-content\/uploads\/Brancaia_Geschichte_Familien-Fotos_1200x960px-980x1225.jpg 980w, https:\/\/stage.brancaia.cyon.site\/wp-content\/uploads\/Brancaia_Geschichte_Familien-Fotos_1200x960px-480x600.jpg 480w\" sizes=\"(min-width: 0px) and (max-width: 480px) 480px, (min-width: 481px) and (max-width: 980px) 980px, (min-width: 981px) 1200px, 100vw\" class=\"wp-image-3507\" \/><\/span>\n\t\t\t<\/div><div class=\"et_pb_module et_d4_element et_pb_text et_pb_text_5  et_pb_text_align_left et_pb_bg_layout_light\">\n\t\t\t\t\n\t\t\t\t\n\t\t\t\t\n\t\t\t\t\n\t\t\t\t<div class=\"et_pb_text_inner\"><p><strong>1981 Bruno e Brigitte Widmer acquisiscono la propriet\u00e0 sulla collina Brancaia a Castellina.<\/strong> Anche se la casa ha un disperato bisogno di essere ristrutturata e il sito di 20 ettari \u00e8 in realt\u00e0 troppo grande. Un'impresa avventurosa. Inizialmente, Brancaia \u00e8 solo una casa di vacanza per i Widmer. Ma uno con quattro ettari di vigneto. Dovrebbe essere possibile produrre qui un vino di prima classe che rifletta il carattere della regione, pensano presto. La prima vendemmia segue quello stesso anno. La produzione di vino di qualit\u00e0 parte dal know-how delle infrastrutture della famiglia Mazzei. \"Poich\u00e9 i vigneti sulla collina Brancaia sono sempre stati completamente circondati dalla foresta, non abbiamo mai dovuto temere che gli spruzzi dei nostri vicini arrivassero a noi - un punto estremamente importante nella viticoltura biologica\", spiega Barbara Widmer guardando indietro.<\/p><\/div>\n\t\t\t<\/div><div class=\"et_pb_module et_d4_element et_pb_image et_pb_image_4\">\n\t\t\t\t\n\t\t\t\t\n\t\t\t\t\n\t\t\t\t\n\t\t\t\t<span class=\"et_pb_image_wrap \"><img loading=\"lazy\" decoding=\"async\" width=\"1200\" height=\"960\" src=\"https:\/\/stage.brancaia.cyon.site\/wp-content\/uploads\/Brancaia_Geschichte_1980_1200x960px_02..jpg\" alt=\"\" title=\"Brancaia_History_1980_1200x960px_02.\" srcset=\"https:\/\/stage.brancaia.cyon.site\/wp-content\/uploads\/Brancaia_Geschichte_1980_1200x960px_02..jpg 1200w, https:\/\/stage.brancaia.cyon.site\/wp-content\/uploads\/Brancaia_Geschichte_1980_1200x960px_02.-980x784.jpg 980w, https:\/\/stage.brancaia.cyon.site\/wp-content\/uploads\/Brancaia_Geschichte_1980_1200x960px_02.-480x384.jpg 480w\" sizes=\"(min-width: 0px) and (max-width: 480px) 480px, (min-width: 481px) and (max-width: 980px) 980px, (min-width: 981px) 1200px, 100vw\" class=\"wp-image-3529\" \/><\/span>\n\t\t\t<\/div><div class=\"et_pb_module et_d4_element et_pb_text et_pb_text_6  et_pb_text_align_left et_pb_bg_layout_light\">\n\t\t\t\t\n\t\t\t\t\n\t\t\t\t\n\t\t\t\t\n\t\t\t\t<div class=\"et_pb_text_inner\"><p><strong>Nel 1988, Brancaia ha prodotto per la prima volta Il Blu, la cui composizione non soddisfa le linee guida per un Chianti Classico.<\/strong> Bruno e Brigitte Widmer non si lasciano scoraggiare dal fatto che il predecessore de IL BLU \u00e8 considerato solo un Vino da tavola. Come altri produttori ambiziosi, sono convinti che non sia la categorizzazione che conta, ma il gusto. E hanno ragione: presto gli amanti anglofoni dei complessi e ricchi tesori parlano ammirati dei \u201cSuper Tuscans\u201d. Ma il 1988 ha portato un'altra innovazione molto importante per Brancaia: \u00e8 stata creata l'etichetta unica. Bruno Widmer ha chiesto a un grafico della sua agenzia di pubblicit\u00e0 di elaborare una serie di bozze. Quando questi sono finiti, uno di loro cattura immediatamente la sua attenzione. Su di essa sono disposte le lettere della parola \u201cBrancaia\u201d ed i quattro numeri dell'annata nel riquadro che ancora oggi \u00e8 visibile su ogni bottiglia della cantina.<\/p><\/div>\n\t\t\t<\/div>\n\t\t\t<\/div>\n\t\t\t\t\n\t\t\t\t\n\t\t\t\t\n\t\t\t\t\n\t\t\t<\/div>\n\t\t\t\t\n\t\t\t\t\n\t\t\t<\/div><\/p>\n","protected":false},"excerpt":{"rendered":"","protected":false},"author":1,"featured_media":0,"parent":1799,"menu_order":16,"comment_status":"closed","ping_status":"closed","template":"","meta":{"_et_pb_use_builder":"on","_et_pb_old_content":"","_et_gb_content_width":"","footnotes":""},"class_list":["post-1942","page","type-page","status-publish","hentry"],"yoast_head":"<!-- This site is optimized with the Yoast SEO plugin v27.1.1 - https:\/\/yoast.com\/product\/yoast-seo-wordpress\/ -->\n<title>Cronologia 1980 - BRANCAIA<\/title>\n<meta name=\"robots\" content=\"index, follow, max-snippet:-1, max-image-preview:large, max-video-preview:-1\" \/>\n<link rel=\"canonical\" href=\"https:\/\/stage.brancaia.cyon.site\/it\/chi-siamo\/storia\/cronologia-1980\/\" \/>\n<meta property=\"og:locale\" content=\"it_IT\" \/>\n<meta property=\"og:type\" content=\"article\" \/>\n<meta property=\"og:title\" content=\"Cronologia 1980 - BRANCAIA\" \/>\n<meta property=\"og:url\" content=\"https:\/\/stage.brancaia.cyon.site\/it\/chi-siamo\/storia\/cronologia-1980\/\" \/>\n<meta property=\"og:site_name\" content=\"BRANCAIA\" \/>\n<meta property=\"article:modified_time\" content=\"2025-02-03T16:46:12+00:00\" \/>\n<meta name=\"twitter:card\" content=\"summary_large_image\" \/>\n<meta name=\"twitter:label1\" content=\"Tempo di lettura stimato\" \/>\n\t<meta name=\"twitter:data1\" content=\"6 minuti\" \/>\n<script type=\"application\/ld+json\" class=\"yoast-schema-graph\">{\"@context\":\"https:\/\/schema.org\",\"@graph\":[{\"@type\":\"WebPage\",\"@id\":\"https:\/\/stage.brancaia.cyon.site\/it\/chi-siamo\/storia\/cronologia-1980\/\",\"url\":\"https:\/\/stage.brancaia.cyon.site\/it\/chi-siamo\/storia\/cronologia-1980\/\",\"name\":\"Cronologia 1980 - BRANCAIA\",\"isPartOf\":{\"@id\":\"https:\/\/stage.brancaia.cyon.site\/it\/#website\"},\"datePublished\":\"2021-01-05T17:18:08+00:00\",\"dateModified\":\"2025-02-03T16:46:12+00:00\",\"breadcrumb\":{\"@id\":\"https:\/\/stage.brancaia.cyon.site\/it\/chi-siamo\/storia\/cronologia-1980\/#breadcrumb\"},\"inLanguage\":\"it-IT\",\"potentialAction\":[{\"@type\":\"ReadAction\",\"target\":[\"https:\/\/stage.brancaia.cyon.site\/it\/chi-siamo\/storia\/cronologia-1980\/\"]}]},{\"@type\":\"BreadcrumbList\",\"@id\":\"https:\/\/stage.brancaia.cyon.site\/it\/chi-siamo\/storia\/cronologia-1980\/#breadcrumb\",\"itemListElement\":[{\"@type\":\"ListItem\",\"position\":1,\"name\":\"Home\",\"item\":\"https:\/\/stage.brancaia.cyon.site\/it\/home\/\"},{\"@type\":\"ListItem\",\"position\":2,\"name\":\"Chi siamo\",\"item\":\"https:\/\/stage.brancaia.cyon.site\/it\/chi-siamo\/\"},{\"@type\":\"ListItem\",\"position\":3,\"name\":\"storia\",\"item\":\"https:\/\/stage.brancaia.cyon.site\/it\/chi-siamo\/storia\/\"},{\"@type\":\"ListItem\",\"position\":4,\"name\":\"Cronologia 1980\"}]},{\"@type\":\"WebSite\",\"@id\":\"https:\/\/stage.brancaia.cyon.site\/it\/#website\",\"url\":\"https:\/\/stage.brancaia.cyon.site\/it\/\",\"name\":\"BRANCAIA\",\"description\":\"Winery &amp; Wines\",\"potentialAction\":[{\"@type\":\"SearchAction\",\"target\":{\"@type\":\"EntryPoint\",\"urlTemplate\":\"https:\/\/stage.brancaia.cyon.site\/it\/?s={search_term_string}\"},\"query-input\":{\"@type\":\"PropertyValueSpecification\",\"valueRequired\":true,\"valueName\":\"search_term_string\"}}],\"inLanguage\":\"it-IT\"}]}<\/script>\n<!-- \/ Yoast SEO plugin. -->","yoast_head_json":{"title":"Cronologia 1980 - BRANCAIA","robots":{"index":"index","follow":"follow","max-snippet":"max-snippet:-1","max-image-preview":"max-image-preview:large","max-video-preview":"max-video-preview:-1"},"canonical":"https:\/\/stage.brancaia.cyon.site\/it\/chi-siamo\/storia\/cronologia-1980\/","og_locale":"it_IT","og_type":"article","og_title":"Cronologia 1980 - BRANCAIA","og_url":"https:\/\/stage.brancaia.cyon.site\/it\/chi-siamo\/storia\/cronologia-1980\/","og_site_name":"BRANCAIA","article_modified_time":"2025-02-03T16:46:12+00:00","twitter_card":"summary_large_image","twitter_misc":{"Tempo di lettura stimato":"6 minuti"},"schema":{"@context":"https:\/\/schema.org","@graph":[{"@type":"WebPage","@id":"https:\/\/stage.brancaia.cyon.site\/it\/chi-siamo\/storia\/cronologia-1980\/","url":"https:\/\/stage.brancaia.cyon.site\/it\/chi-siamo\/storia\/cronologia-1980\/","name":"Cronologia 1980 - BRANCAIA","isPartOf":{"@id":"https:\/\/stage.brancaia.cyon.site\/it\/#website"},"datePublished":"2021-01-05T17:18:08+00:00","dateModified":"2025-02-03T16:46:12+00:00","breadcrumb":{"@id":"https:\/\/stage.brancaia.cyon.site\/it\/chi-siamo\/storia\/cronologia-1980\/#breadcrumb"},"inLanguage":"it-IT","potentialAction":[{"@type":"ReadAction","target":["https:\/\/stage.brancaia.cyon.site\/it\/chi-siamo\/storia\/cronologia-1980\/"]}]},{"@type":"BreadcrumbList","@id":"https:\/\/stage.brancaia.cyon.site\/it\/chi-siamo\/storia\/cronologia-1980\/#breadcrumb","itemListElement":[{"@type":"ListItem","position":1,"name":"Home","item":"https:\/\/stage.brancaia.cyon.site\/it\/home\/"},{"@type":"ListItem","position":2,"name":"Chi siamo","item":"https:\/\/stage.brancaia.cyon.site\/it\/chi-siamo\/"},{"@type":"ListItem","position":3,"name":"storia","item":"https:\/\/stage.brancaia.cyon.site\/it\/chi-siamo\/storia\/"},{"@type":"ListItem","position":4,"name":"Cronologia 1980"}]},{"@type":"WebSite","@id":"https:\/\/stage.brancaia.cyon.site\/it\/#website","url":"https:\/\/stage.brancaia.cyon.site\/it\/","name":"BRANCAIA","description":"Winery &amp; Wines","potentialAction":[{"@type":"SearchAction","target":{"@type":"EntryPoint","urlTemplate":"https:\/\/stage.brancaia.cyon.site\/it\/?s={search_term_string}"},"query-input":{"@type":"PropertyValueSpecification","valueRequired":true,"valueName":"search_term_string"}}],"inLanguage":"it-IT"}]}},"_links":{"self":[{"href":"https:\/\/stage.brancaia.cyon.site\/it\/wp-json\/wp\/v2\/pages\/1942","targetHints":{"allow":["GET"]}}],"collection":[{"href":"https:\/\/stage.brancaia.cyon.site\/it\/wp-json\/wp\/v2\/pages"}],"about":[{"href":"https:\/\/stage.brancaia.cyon.site\/it\/wp-json\/wp\/v2\/types\/page"}],"author":[{"embeddable":true,"href":"https:\/\/stage.brancaia.cyon.site\/it\/wp-json\/wp\/v2\/users\/1"}],"replies":[{"embeddable":true,"href":"https:\/\/stage.brancaia.cyon.site\/it\/wp-json\/wp\/v2\/comments?post=1942"}],"version-history":[{"count":21,"href":"https:\/\/stage.brancaia.cyon.site\/it\/wp-json\/wp\/v2\/pages\/1942\/revisions"}],"predecessor-version":[{"id":16929,"href":"https:\/\/stage.brancaia.cyon.site\/it\/wp-json\/wp\/v2\/pages\/1942\/revisions\/16929"}],"up":[{"embeddable":true,"href":"https:\/\/stage.brancaia.cyon.site\/it\/wp-json\/wp\/v2\/pages\/1799"}],"wp:attachment":[{"href":"https:\/\/stage.brancaia.cyon.site\/it\/wp-json\/wp\/v2\/media?parent=1942"}],"curies":[{"name":"wp","href":"https:\/\/api.w.org\/{rel}","templated":true}]}}