{"id":1926,"date":"2021-01-05T18:16:54","date_gmt":"2021-01-05T17:16:54","guid":{"rendered":"https:\/\/brancaia.cyon.site\/riguardo-a-noi\/storia\/cronologia-1990\/"},"modified":"2024-10-08T12:06:36","modified_gmt":"2024-10-08T10:06:36","slug":"cronologia-1990","status":"publish","type":"page","link":"https:\/\/stage.brancaia.cyon.site\/it\/chi-siamo\/storia\/cronologia-1990\/","title":{"rendered":"Cronologia 1990"},"content":{"rendered":"<p><div class=\"et_d4_element et_pb_section et_pb_section_0  et_pb_css_mix_blend_mode et_pb_fullwidth_section et_section_regular et_block_section\" >\n\t\t\t\t\n\t\t\t\t\n\t\t\t\t\n\t\t\t\t\n\t\t\t\t\n\t\t\t\t\n\t\t\t\t<section class=\"et_pb_module et_d4_element et_pb_fullwidth_header et_pb_fullwidth_header_0  et_pb_css_mix_blend_mode et_pb_text_align_left et_pb_bg_layout_dark\">\n\t\t\t\t\n\t\t\t\t\n\t\t\t\t\n\t\t\t\t\n\t\t\t\t<div class=\"et_pb_fullwidth_header_container left\">\n\t\t\t\t\t<div class=\"header-content-container center\">\n\t\t\t\t\t<div class=\"header-content\">\n\t\t\t\t\t\t\n\t\t\t\t\t\t<h1 class=\"et_pb_module_header\"> <\/h1>\n\t\t\t\t\t\t\n\t\t\t\t\t\t<div class=\"et_pb_header_content_wrapper\"><\/div>\n\t\t\t\t\t\t\n\t\t\t\t\t<\/div>\n\t\t\t\t<\/div>\n\t\t\t\t\t\n\t\t\t\t<\/div>\n\t\t\t\t<div class=\"et_pb_fullwidth_header_overlay\"><\/div>\n\t\t\t\t<div class=\"et_pb_fullwidth_header_scroll\"><\/div>\n\t\t\t<\/section>\n\t\t\t\t\n\t\t\t\t\n\t\t\t<\/div><div class=\"et_d4_element et_pb_section et_pb_section_1  et_pb_css_mix_blend_mode et_section_regular et_pb_section--with-menu et_block_section\" >\n\t\t\t\t\n\t\t\t\t\n\t\t\t\t\n\t\t\t\t\n\t\t\t\t\n\t\t\t\t\n\t\t\t\t<div class=\"et_d4_element et_pb_row et_pb_row_0  et_pb_css_mix_blend_mode et_pb_row--with-menu et_block_row\">\n\t\t\t\t<div class=\"et_d4_element et_pb_column_4_4 et_pb_column et_pb_column_0  et_pb_css_mix_blend_mode et-last-child et_pb_column--with-menu et_block_column\">\n\t\t\t\t\n\t\t\t\t\n\t\t\t\t\n\t\t\t\t\n\t\t\t\t<div id=\"ba-history-menu\" class=\"et_pb_module et_d4_element et_pb_menu et_pb_menu_0 et_pb_bg_layout_light  et_pb_text_align_left et_dropdown_animation_fade et_pb_menu--without-logo et_pb_menu--style-left_aligned\">\n\t\t\t\t\t\n\t\t\t\t\t\n\t\t\t\t\t\n\t\t\t\t\t\n\t\t\t\t\t<div class=\"et_pb_menu_inner_container clearfix\">\n\t\t\t\t\t\t\n\t\t\t\t\t\t<div class=\"et_pb_menu__wrap\">\n\t\t\t\t\t\t\t<div class=\"et_pb_menu__menu\">\n\t\t\t\t\t\t\t\t<nav class=\"et-menu-nav\"><ul id=\"menu-geschichte-it\" class=\"et-menu nav\"><li id=\"menu-item-1953\" class=\"et_pb_menu_page_id-1881 menu-item menu-item-type-post_type menu-item-object-page menu-item-1953\"><a href=\"https:\/\/stage.brancaia.cyon.site\/it\/chi-siamo\/storia\/cronologia-2020\/\">2020+<\/a><\/li>\n<li id=\"menu-item-1954\" class=\"et_pb_menu_page_id-1893 menu-item menu-item-type-post_type menu-item-object-page menu-item-1954\"><a href=\"https:\/\/stage.brancaia.cyon.site\/it\/chi-siamo\/storia\/cronologia-2010\/\">2010 \u2013 2019<\/a><\/li>\n<li id=\"menu-item-1955\" class=\"et_pb_menu_page_id-1911 menu-item menu-item-type-post_type menu-item-object-page menu-item-1955\"><a href=\"https:\/\/stage.brancaia.cyon.site\/it\/chi-siamo\/storia\/cronologia-2000\/\">2000 \u2013 2009<\/a><\/li>\n<li id=\"menu-item-1956\" class=\"et_pb_menu_page_id-1926 menu-item menu-item-type-post_type menu-item-object-page menu-item-1956\"><a href=\"https:\/\/stage.brancaia.cyon.site\/it\/chi-siamo\/storia\/cronologia-1990\/\">1990 \u2013 1999<\/a><\/li>\n<li id=\"menu-item-1957\" class=\"et_pb_menu_page_id-1942 menu-item menu-item-type-post_type menu-item-object-page menu-item-1957\"><a href=\"https:\/\/stage.brancaia.cyon.site\/it\/chi-siamo\/storia\/cronologia-1980\/\">1980 \u2013 1989<\/a><\/li>\n<\/ul><\/nav>\n\t\t\t\t\t\t\t<\/div>\n\t\t\t\t\t\t\t\n\t\t\t\t\t\t\t\n\t\t\t\t\t\t\t<div class=\"et_mobile_nav_menu\">\n\t\t\t\t<div class=\"mobile_nav closed\">\n\t\t\t\t\t<span class=\"mobile_menu_bar\"><\/span>\n\t\t\t\t<\/div>\n\t\t\t<\/div>\n\t\t\t\t\t\t<\/div>\n\t\t\t\t\t\t\n\t\t\t\t\t<\/div>\n\t\t\t\t<\/div>\n\t\t\t<\/div>\n\t\t\t\t\n\t\t\t\t\n\t\t\t\t\n\t\t\t\t\n\t\t\t<\/div><div class=\"et_d4_element et_pb_row et_pb_row_1  et_pb_css_mix_blend_mode et_block_row\">\n\t\t\t\t<div class=\"et_d4_element et_pb_column_4_4 et_pb_column et_pb_column_1  et_pb_css_mix_blend_mode et-last-child et_block_column\">\n\t\t\t\t\n\t\t\t\t\n\t\t\t\t\n\t\t\t\t\n\t\t\t\t<div class=\"et_pb_module et_d4_element et_pb_text et_pb_text_0  et_pb_text_align_left et_pb_bg_layout_light\">\n\t\t\t\t\n\t\t\t\t\n\t\t\t\t\n\t\t\t\t\n\t\t\t\t<div class=\"et_pb_text_inner\"><h1>Cronologia 1990-1999<\/h1>\n<p>&nbsp;<\/p><\/div>\n\t\t\t<\/div>\n\t\t\t<\/div>\n\t\t\t\t\n\t\t\t\t\n\t\t\t\t\n\t\t\t\t\n\t\t\t<\/div><div class=\"et_d4_element et_pb_row et_pb_row_2  et_pb_css_mix_blend_mode et_block_row\">\n\t\t\t\t<div class=\"et_d4_element et_pb_column_1_2 et_pb_column et_pb_column_2  et_pb_css_mix_blend_mode et_block_column\">\n\t\t\t\t\n\t\t\t\t\n\t\t\t\t\n\t\t\t\t\n\t\t\t\t<div class=\"et_pb_module et_d4_element et_pb_text et_pb_text_1  et_pb_text_align_left et_pb_bg_layout_light\">\n\t\t\t\t\n\t\t\t\t\n\t\t\t\t\n\t\t\t\t\n\t\t\t\t<div class=\"et_pb_text_inner\"><p><strong>Nel 1992 Brancaia assume come consulente esterno l'enologo stellato Carlo Ferrini.<\/strong> \"La ricchezza di esperienza di Carlos \u00e8 di inestimabile valore per noi fino ad oggi\", afferma Barbara Widmer. \"La vista dall'esterno previene anche il rischio di una certa cecit\u00e0 operativa\".<\/p><\/div>\n\t\t\t<\/div><div class=\"et_pb_module et_d4_element et_pb_text et_pb_text_2  et_pb_text_align_left et_pb_bg_layout_light\">\n\t\t\t\t\n\t\t\t\t\n\t\t\t\t\n\t\t\t\t\n\t\t\t\t<div class=\"et_pb_text_inner\"><p><strong>1993<\/strong><strong> Barbara Widmer partecipa alla sua prima vendemmia su Brancaia.<\/strong> \"Ha funzionato\", dice. \u201cLa vendemmia \u00e8 uno dei processi pi\u00f9 belli. Dopo aver lavorato in vigna per un anno intero, si possono finalmente raccogliere le uve perfettamente mature e portarle in cantina. Tra pochi giorni vi verr\u00e0 prodotto vino giovane. Amo i colori, i profumi, l'atmosfera unica. \" Nel frattempo, Brancaia esporta per la prima volta vino negli Stati Uniti e il \"Wine Spectator\" valuta IL BLU del 1990 con 91 punti su 100.<\/p><\/div>\n\t\t\t<\/div><div class=\"et_pb_module et_d4_element et_pb_image et_pb_image_0\">\n\t\t\t\t\n\t\t\t\t\n\t\t\t\t\n\t\t\t\t\n\t\t\t\t<span class=\"et_pb_image_wrap \"><img loading=\"lazy\" decoding=\"async\" width=\"1200\" height=\"960\" src=\"https:\/\/stage.brancaia.cyon.site\/wp-content\/uploads\/Brancaia_Geschichte_1090_1200x960px_05.jpg\" alt=\"\" title=\"Brancaia_Geschichte_1090_1200x960px_05\" srcset=\"https:\/\/stage.brancaia.cyon.site\/wp-content\/uploads\/Brancaia_Geschichte_1090_1200x960px_05.jpg 1200w, https:\/\/stage.brancaia.cyon.site\/wp-content\/uploads\/Brancaia_Geschichte_1090_1200x960px_05-980x784.jpg 980w, https:\/\/stage.brancaia.cyon.site\/wp-content\/uploads\/Brancaia_Geschichte_1090_1200x960px_05-480x384.jpg 480w\" sizes=\"(min-width: 0px) and (max-width: 480px) 480px, (min-width: 481px) and (max-width: 980px) 980px, (min-width: 981px) 1200px, 100vw\" class=\"wp-image-3548\" \/><\/span>\n\t\t\t<\/div><div class=\"et_pb_module et_d4_element et_pb_text et_pb_text_3  et_pb_text_align_left et_pb_bg_layout_light\">\n\t\t\t\t\n\t\t\t\t\n\t\t\t\t\n\t\t\t\t\n\t\t\t\t<div class=\"et_pb_text_inner\"><p><strong>Nel 1994 la guida gastronomica italiana \u201cGambero Rosso\u201d ha nobilitato per la prima volta IL BLU con il suo massimo riconoscimento, i Tre Bicchieri (tre bicchieri).<\/strong> Con questo, la popolarit\u00e0 di Brancaia in Italia aumenta a passi da gigante. \"Siamo stati la prima azienda vinicola gestita da stranieri a ricevere questo riconoscimento\", ricorda Bruno Widmer. Brancaia ha ora vinto il premio 18 volte. Barbara Widmer sta svolgendo uno stage di un anno presso il Domaine des Balisiers nel cantone di Ginevra. Gi\u00e0 allora l'azienda era il pi\u00f9 grande produttore di vini biologici in Svizzera e coltiva la viticoltura biologica dal 1982.<\/p><\/div>\n\t\t\t<\/div><div class=\"et_pb_module et_d4_element et_pb_image et_pb_image_1\">\n\t\t\t\t\n\t\t\t\t\n\t\t\t\t\n\t\t\t\t\n\t\t\t\t<span class=\"et_pb_image_wrap \"><img loading=\"lazy\" decoding=\"async\" width=\"1200\" height=\"960\" src=\"https:\/\/stage.brancaia.cyon.site\/wp-content\/uploads\/Brancaia_Weine_ILBLU_1200x960px_02.jpg\" alt=\"\" title=\"Brancaia_Weine_ILBLU_1200x960px_02\" srcset=\"https:\/\/stage.brancaia.cyon.site\/wp-content\/uploads\/Brancaia_Weine_ILBLU_1200x960px_02.jpg 1200w, https:\/\/stage.brancaia.cyon.site\/wp-content\/uploads\/Brancaia_Weine_ILBLU_1200x960px_02-980x784.jpg 980w, https:\/\/stage.brancaia.cyon.site\/wp-content\/uploads\/Brancaia_Weine_ILBLU_1200x960px_02-480x384.jpg 480w\" sizes=\"(min-width: 0px) and (max-width: 480px) 480px, (min-width: 481px) and (max-width: 980px) 980px, (min-width: 981px) 1200px, 100vw\" class=\"wp-image-3633\" \/><\/span>\n\t\t\t<\/div><div class=\"et_pb_module et_d4_element et_pb_text et_pb_text_4  et_pb_text_align_left et_pb_bg_layout_light\">\n\t\t\t\t\n\t\t\t\t\n\t\t\t\t\n\t\t\t\t\n\t\t\t\t<div class=\"et_pb_text_inner\"><p><strong>Nel 1998 Bruno e Brigitte Widmer hanno acquistato 82 ettari di terreno in Maremma, affacciato sul mare.<\/strong> Contemporaneamente all'arrivo dell'enologo diplomato, Brancaia ha potuto per la prima volta vinificare e sviluppare il suo vino in autonomia, poich\u00e9 la costruzione della cantina a Radda \u00e8 stata finalmente completata. La possibilit\u00e0 di dare ai vini Brancaia ancora di pi\u00f9 la propria identit\u00e0. Sempre nel 1998 i Widmer impiantano i primi vigneti in Maremma. Come quelle di Radda e Castellina, queste sono in gran parte circondate dalla foresta - e quindi protette da eventuali schizzi dei vicini.<\/p><\/div>\n\t\t\t<\/div>\n\t\t\t<\/div><div class=\"et_d4_element et_pb_column_1_2 et_pb_column et_pb_column_3  et_pb_css_mix_blend_mode et-last-child et_block_column\">\n\t\t\t\t\n\t\t\t\t\n\t\t\t\t\n\t\t\t\t\n\t\t\t\t<div class=\"et_pb_module et_d4_element et_pb_image et_pb_image_2\">\n\t\t\t\t\n\t\t\t\t\n\t\t\t\t\n\t\t\t\t\n\t\t\t\t<span class=\"et_pb_image_wrap \"><img loading=\"lazy\" decoding=\"async\" width=\"1200\" height=\"960\" src=\"https:\/\/stage.brancaia.cyon.site\/wp-content\/uploads\/Brancaia_Geschichte_1090_1200x960px_04.jpg\" alt=\"\" title=\"Brancaia_Geschichte_1090_1200x960px_04\" srcset=\"https:\/\/stage.brancaia.cyon.site\/wp-content\/uploads\/Brancaia_Geschichte_1090_1200x960px_04.jpg 1200w, https:\/\/stage.brancaia.cyon.site\/wp-content\/uploads\/Brancaia_Geschichte_1090_1200x960px_04-980x784.jpg 980w, https:\/\/stage.brancaia.cyon.site\/wp-content\/uploads\/Brancaia_Geschichte_1090_1200x960px_04-480x384.jpg 480w\" sizes=\"(min-width: 0px) and (max-width: 480px) 480px, (min-width: 481px) and (max-width: 980px) 980px, (min-width: 981px) 1200px, 100vw\" class=\"wp-image-3545\" \/><\/span>\n\t\t\t<\/div><div class=\"et_pb_module et_d4_element et_pb_text et_pb_text_5  et_pb_text_align_left et_pb_bg_layout_light\">\n\t\t\t\t\n\t\t\t\t\n\t\t\t\t\n\t\t\t\t\n\t\t\t\t<div class=\"et_pb_text_inner\"><p><strong>Nel 1995 Barbara Widmer ha iniziato a studiare enologia presso l'Universit\u00e0 di scienze applicate di W\u00e4denswil.<\/strong> \"La decisione di passare dal mondo dell'architettura a quello della viticoltura \u00e8 stato un processo graduale\", ricorda. \u201cMi piacevano i miei studi, ma dubitavo sempre pi\u00f9 che mi sarei divertito soprattutto a mettere in pratica le idee degli altri e inchinarmi cos\u00ec ai loro gusti, per cos\u00ec dire. Fortunatamente, questo \u00e8 diverso con il vino \". La casa privata in localit\u00e0 Poppi a Radda \u00e8 stata ora completamente ristrutturata e tutti i vigneti sono stati impiantati di recente.<\/p><\/div>\n\t\t\t<\/div><div class=\"et_pb_module et_d4_element et_pb_image et_pb_image_3\">\n\t\t\t\t\n\t\t\t\t\n\t\t\t\t\n\t\t\t\t\n\t\t\t\t<span class=\"et_pb_image_wrap \"><img loading=\"lazy\" decoding=\"async\" width=\"1200\" height=\"960\" src=\"https:\/\/stage.brancaia.cyon.site\/wp-content\/uploads\/Brancaia_Geschichte_1090_1200x960px_02.jpg\" alt=\"\" title=\"Brancaia_Geschichte_1090_1200x960px_02\" srcset=\"https:\/\/stage.brancaia.cyon.site\/wp-content\/uploads\/Brancaia_Geschichte_1090_1200x960px_02.jpg 1200w, https:\/\/stage.brancaia.cyon.site\/wp-content\/uploads\/Brancaia_Geschichte_1090_1200x960px_02-980x784.jpg 980w, https:\/\/stage.brancaia.cyon.site\/wp-content\/uploads\/Brancaia_Geschichte_1090_1200x960px_02-480x384.jpg 480w\" sizes=\"(min-width: 0px) and (max-width: 480px) 480px, (min-width: 481px) and (max-width: 980px) 980px, (min-width: 981px) 1200px, 100vw\" class=\"wp-image-3539\" \/><\/span>\n\t\t\t<\/div><div class=\"et_pb_module et_d4_element et_pb_text et_pb_text_6  et_pb_text_align_left et_pb_bg_layout_light\">\n\t\t\t\t\n\t\t\t\t\n\t\t\t\t\n\t\t\t\t\n\t\t\t\t<div class=\"et_pb_text_inner\"><p><strong>Nel 1996 Brancaia ha compiuto un passo importante verso l'agricoltura ecologica con l'inverdimento di ogni secondo filare di viti.<\/strong> Barbara Widmer sta scrivendo una tesi semestrale sulla viticoltura biologica presso l'Universit\u00e0 di scienze applicate di W\u00e4denswil e sottolinea cos\u00ec quanto sia importante l'argomento per lei e Brancaia.<\/p><\/div>\n\t\t\t<\/div><div class=\"et_pb_module et_d4_element et_pb_image et_pb_image_4\">\n\t\t\t\t\n\t\t\t\t\n\t\t\t\t\n\t\t\t\t\n\t\t\t\t<span class=\"et_pb_image_wrap \"><img loading=\"lazy\" decoding=\"async\" width=\"1200\" height=\"960\" src=\"https:\/\/stage.brancaia.cyon.site\/wp-content\/uploads\/Brancaia_Geschichte_Poppi_1200x960px.jpg\" alt=\"\" title=\"Brancaia_Geschichte_Poppi_1200x960px\" srcset=\"https:\/\/stage.brancaia.cyon.site\/wp-content\/uploads\/Brancaia_Geschichte_Poppi_1200x960px.jpg 1200w, https:\/\/stage.brancaia.cyon.site\/wp-content\/uploads\/Brancaia_Geschichte_Poppi_1200x960px-980x784.jpg 980w, https:\/\/stage.brancaia.cyon.site\/wp-content\/uploads\/Brancaia_Geschichte_Poppi_1200x960px-480x384.jpg 480w\" sizes=\"(min-width: 0px) and (max-width: 480px) 480px, (min-width: 481px) and (max-width: 980px) 980px, (min-width: 981px) 1200px, 100vw\" class=\"wp-image-3637\" \/><\/span>\n\t\t\t<\/div>\n\t\t\t<\/div>\n\t\t\t\t\n\t\t\t\t\n\t\t\t\t\n\t\t\t\t\n\t\t\t<\/div>\n\t\t\t\t\n\t\t\t\t\n\t\t\t<\/div><\/p>\n","protected":false},"excerpt":{"rendered":"","protected":false},"author":1,"featured_media":0,"parent":1799,"menu_order":16,"comment_status":"closed","ping_status":"closed","template":"","meta":{"_et_pb_use_builder":"on","_et_pb_old_content":"","_et_gb_content_width":"","footnotes":""},"class_list":["post-1926","page","type-page","status-publish","hentry"],"yoast_head":"<!-- This site is optimized with the Yoast SEO plugin v27.1.1 - https:\/\/yoast.com\/product\/yoast-seo-wordpress\/ -->\n<title>Cronologia 1990 - BRANCAIA<\/title>\n<meta name=\"robots\" content=\"index, follow, max-snippet:-1, max-image-preview:large, max-video-preview:-1\" \/>\n<link rel=\"canonical\" href=\"https:\/\/stage.brancaia.cyon.site\/it\/chi-siamo\/storia\/cronologia-1990\/\" \/>\n<meta property=\"og:locale\" content=\"it_IT\" \/>\n<meta property=\"og:type\" content=\"article\" \/>\n<meta property=\"og:title\" content=\"Cronologia 1990 - BRANCAIA\" \/>\n<meta property=\"og:url\" content=\"https:\/\/stage.brancaia.cyon.site\/it\/chi-siamo\/storia\/cronologia-1990\/\" \/>\n<meta property=\"og:site_name\" content=\"BRANCAIA\" \/>\n<meta property=\"article:modified_time\" content=\"2024-10-08T10:06:36+00:00\" \/>\n<meta name=\"twitter:card\" content=\"summary_large_image\" \/>\n<meta name=\"twitter:label1\" content=\"Tempo di lettura stimato\" \/>\n\t<meta name=\"twitter:data1\" content=\"5 minuti\" \/>\n<script type=\"application\/ld+json\" class=\"yoast-schema-graph\">{\"@context\":\"https:\/\/schema.org\",\"@graph\":[{\"@type\":\"WebPage\",\"@id\":\"https:\/\/stage.brancaia.cyon.site\/it\/chi-siamo\/storia\/cronologia-1990\/\",\"url\":\"https:\/\/stage.brancaia.cyon.site\/it\/chi-siamo\/storia\/cronologia-1990\/\",\"name\":\"Cronologia 1990 - BRANCAIA\",\"isPartOf\":{\"@id\":\"https:\/\/stage.brancaia.cyon.site\/it\/#website\"},\"datePublished\":\"2021-01-05T17:16:54+00:00\",\"dateModified\":\"2024-10-08T10:06:36+00:00\",\"breadcrumb\":{\"@id\":\"https:\/\/stage.brancaia.cyon.site\/it\/chi-siamo\/storia\/cronologia-1990\/#breadcrumb\"},\"inLanguage\":\"it-IT\",\"potentialAction\":[{\"@type\":\"ReadAction\",\"target\":[\"https:\/\/stage.brancaia.cyon.site\/it\/chi-siamo\/storia\/cronologia-1990\/\"]}]},{\"@type\":\"BreadcrumbList\",\"@id\":\"https:\/\/stage.brancaia.cyon.site\/it\/chi-siamo\/storia\/cronologia-1990\/#breadcrumb\",\"itemListElement\":[{\"@type\":\"ListItem\",\"position\":1,\"name\":\"Home\",\"item\":\"https:\/\/stage.brancaia.cyon.site\/it\/home\/\"},{\"@type\":\"ListItem\",\"position\":2,\"name\":\"Chi siamo\",\"item\":\"https:\/\/stage.brancaia.cyon.site\/it\/chi-siamo\/\"},{\"@type\":\"ListItem\",\"position\":3,\"name\":\"storia\",\"item\":\"https:\/\/stage.brancaia.cyon.site\/it\/chi-siamo\/storia\/\"},{\"@type\":\"ListItem\",\"position\":4,\"name\":\"Cronologia 1990\"}]},{\"@type\":\"WebSite\",\"@id\":\"https:\/\/stage.brancaia.cyon.site\/it\/#website\",\"url\":\"https:\/\/stage.brancaia.cyon.site\/it\/\",\"name\":\"BRANCAIA\",\"description\":\"Winery &amp; Wines\",\"potentialAction\":[{\"@type\":\"SearchAction\",\"target\":{\"@type\":\"EntryPoint\",\"urlTemplate\":\"https:\/\/stage.brancaia.cyon.site\/it\/?s={search_term_string}\"},\"query-input\":{\"@type\":\"PropertyValueSpecification\",\"valueRequired\":true,\"valueName\":\"search_term_string\"}}],\"inLanguage\":\"it-IT\"}]}<\/script>\n<!-- \/ Yoast SEO plugin. -->","yoast_head_json":{"title":"Cronologia 1990 - BRANCAIA","robots":{"index":"index","follow":"follow","max-snippet":"max-snippet:-1","max-image-preview":"max-image-preview:large","max-video-preview":"max-video-preview:-1"},"canonical":"https:\/\/stage.brancaia.cyon.site\/it\/chi-siamo\/storia\/cronologia-1990\/","og_locale":"it_IT","og_type":"article","og_title":"Cronologia 1990 - BRANCAIA","og_url":"https:\/\/stage.brancaia.cyon.site\/it\/chi-siamo\/storia\/cronologia-1990\/","og_site_name":"BRANCAIA","article_modified_time":"2024-10-08T10:06:36+00:00","twitter_card":"summary_large_image","twitter_misc":{"Tempo di lettura stimato":"5 minuti"},"schema":{"@context":"https:\/\/schema.org","@graph":[{"@type":"WebPage","@id":"https:\/\/stage.brancaia.cyon.site\/it\/chi-siamo\/storia\/cronologia-1990\/","url":"https:\/\/stage.brancaia.cyon.site\/it\/chi-siamo\/storia\/cronologia-1990\/","name":"Cronologia 1990 - BRANCAIA","isPartOf":{"@id":"https:\/\/stage.brancaia.cyon.site\/it\/#website"},"datePublished":"2021-01-05T17:16:54+00:00","dateModified":"2024-10-08T10:06:36+00:00","breadcrumb":{"@id":"https:\/\/stage.brancaia.cyon.site\/it\/chi-siamo\/storia\/cronologia-1990\/#breadcrumb"},"inLanguage":"it-IT","potentialAction":[{"@type":"ReadAction","target":["https:\/\/stage.brancaia.cyon.site\/it\/chi-siamo\/storia\/cronologia-1990\/"]}]},{"@type":"BreadcrumbList","@id":"https:\/\/stage.brancaia.cyon.site\/it\/chi-siamo\/storia\/cronologia-1990\/#breadcrumb","itemListElement":[{"@type":"ListItem","position":1,"name":"Home","item":"https:\/\/stage.brancaia.cyon.site\/it\/home\/"},{"@type":"ListItem","position":2,"name":"Chi siamo","item":"https:\/\/stage.brancaia.cyon.site\/it\/chi-siamo\/"},{"@type":"ListItem","position":3,"name":"storia","item":"https:\/\/stage.brancaia.cyon.site\/it\/chi-siamo\/storia\/"},{"@type":"ListItem","position":4,"name":"Cronologia 1990"}]},{"@type":"WebSite","@id":"https:\/\/stage.brancaia.cyon.site\/it\/#website","url":"https:\/\/stage.brancaia.cyon.site\/it\/","name":"BRANCAIA","description":"Winery &amp; Wines","potentialAction":[{"@type":"SearchAction","target":{"@type":"EntryPoint","urlTemplate":"https:\/\/stage.brancaia.cyon.site\/it\/?s={search_term_string}"},"query-input":{"@type":"PropertyValueSpecification","valueRequired":true,"valueName":"search_term_string"}}],"inLanguage":"it-IT"}]}},"_links":{"self":[{"href":"https:\/\/stage.brancaia.cyon.site\/it\/wp-json\/wp\/v2\/pages\/1926","targetHints":{"allow":["GET"]}}],"collection":[{"href":"https:\/\/stage.brancaia.cyon.site\/it\/wp-json\/wp\/v2\/pages"}],"about":[{"href":"https:\/\/stage.brancaia.cyon.site\/it\/wp-json\/wp\/v2\/types\/page"}],"author":[{"embeddable":true,"href":"https:\/\/stage.brancaia.cyon.site\/it\/wp-json\/wp\/v2\/users\/1"}],"replies":[{"embeddable":true,"href":"https:\/\/stage.brancaia.cyon.site\/it\/wp-json\/wp\/v2\/comments?post=1926"}],"version-history":[{"count":16,"href":"https:\/\/stage.brancaia.cyon.site\/it\/wp-json\/wp\/v2\/pages\/1926\/revisions"}],"predecessor-version":[{"id":15492,"href":"https:\/\/stage.brancaia.cyon.site\/it\/wp-json\/wp\/v2\/pages\/1926\/revisions\/15492"}],"up":[{"embeddable":true,"href":"https:\/\/stage.brancaia.cyon.site\/it\/wp-json\/wp\/v2\/pages\/1799"}],"wp:attachment":[{"href":"https:\/\/stage.brancaia.cyon.site\/it\/wp-json\/wp\/v2\/media?parent=1926"}],"curies":[{"name":"wp","href":"https:\/\/api.w.org\/{rel}","templated":true}]}}