{"id":1911,"date":"2021-01-05T18:15:43","date_gmt":"2021-01-05T17:15:43","guid":{"rendered":"https:\/\/brancaia.cyon.site\/riguardo-a-noi\/storia\/cronologia-2000\/"},"modified":"2025-01-27T12:36:49","modified_gmt":"2025-01-27T11:36:49","slug":"cronologia-2000","status":"publish","type":"page","link":"https:\/\/stage.brancaia.cyon.site\/it\/chi-siamo\/storia\/cronologia-2000\/","title":{"rendered":"Cronologia 2000"},"content":{"rendered":"<p><div class=\"et_d4_element et_pb_section et_pb_section_0  et_pb_css_mix_blend_mode et_pb_fullwidth_section et_section_regular et_block_section\" >\n\t\t\t\t\n\t\t\t\t\n\t\t\t\t\n\t\t\t\t\n\t\t\t\t\n\t\t\t\t\n\t\t\t\t<section class=\"et_pb_module et_d4_element et_pb_fullwidth_header et_pb_fullwidth_header_0  et_pb_css_mix_blend_mode et_pb_text_align_left et_pb_bg_layout_dark\">\n\t\t\t\t\n\t\t\t\t\n\t\t\t\t\n\t\t\t\t\n\t\t\t\t<div class=\"et_pb_fullwidth_header_container left\">\n\t\t\t\t\t<div class=\"header-content-container center\">\n\t\t\t\t\t<div class=\"header-content\">\n\t\t\t\t\t\t\n\t\t\t\t\t\t<h1 class=\"et_pb_module_header\"> <\/h1>\n\t\t\t\t\t\t\n\t\t\t\t\t\t<div class=\"et_pb_header_content_wrapper\"><\/div>\n\t\t\t\t\t\t\n\t\t\t\t\t<\/div>\n\t\t\t\t<\/div>\n\t\t\t\t\t\n\t\t\t\t<\/div>\n\t\t\t\t<div class=\"et_pb_fullwidth_header_overlay\"><\/div>\n\t\t\t\t<div class=\"et_pb_fullwidth_header_scroll\"><\/div>\n\t\t\t<\/section>\n\t\t\t\t\n\t\t\t\t\n\t\t\t<\/div><div class=\"et_d4_element et_pb_section et_pb_section_1  et_pb_css_mix_blend_mode et_section_regular et_pb_section--with-menu et_block_section\" >\n\t\t\t\t\n\t\t\t\t\n\t\t\t\t\n\t\t\t\t\n\t\t\t\t\n\t\t\t\t\n\t\t\t\t<div class=\"et_d4_element et_pb_row et_pb_row_0  et_pb_css_mix_blend_mode et_pb_row--with-menu et_block_row\">\n\t\t\t\t<div class=\"et_d4_element et_pb_column_4_4 et_pb_column et_pb_column_0  et_pb_css_mix_blend_mode et-last-child et_pb_column--with-menu et_block_column\">\n\t\t\t\t\n\t\t\t\t\n\t\t\t\t\n\t\t\t\t\n\t\t\t\t<div id=\"ba-history-menu\" class=\"et_pb_module et_d4_element et_pb_menu et_pb_menu_0 et_pb_bg_layout_light  et_pb_text_align_left et_dropdown_animation_fade et_pb_menu--without-logo et_pb_menu--style-left_aligned\">\n\t\t\t\t\t\n\t\t\t\t\t\n\t\t\t\t\t\n\t\t\t\t\t\n\t\t\t\t\t<div class=\"et_pb_menu_inner_container clearfix\">\n\t\t\t\t\t\t\n\t\t\t\t\t\t<div class=\"et_pb_menu__wrap\">\n\t\t\t\t\t\t\t<div class=\"et_pb_menu__menu\">\n\t\t\t\t\t\t\t\t<nav class=\"et-menu-nav\"><ul id=\"menu-geschichte-it\" class=\"et-menu nav\"><li id=\"menu-item-1953\" class=\"et_pb_menu_page_id-1881 menu-item menu-item-type-post_type menu-item-object-page menu-item-1953\"><a href=\"https:\/\/stage.brancaia.cyon.site\/it\/chi-siamo\/storia\/cronologia-2020\/\">2020+<\/a><\/li>\n<li id=\"menu-item-1954\" class=\"et_pb_menu_page_id-1893 menu-item menu-item-type-post_type menu-item-object-page menu-item-1954\"><a href=\"https:\/\/stage.brancaia.cyon.site\/it\/chi-siamo\/storia\/cronologia-2010\/\">2010 \u2013 2019<\/a><\/li>\n<li id=\"menu-item-1955\" class=\"et_pb_menu_page_id-1911 menu-item menu-item-type-post_type menu-item-object-page menu-item-1955\"><a href=\"https:\/\/stage.brancaia.cyon.site\/it\/chi-siamo\/storia\/cronologia-2000\/\">2000 \u2013 2009<\/a><\/li>\n<li id=\"menu-item-1956\" class=\"et_pb_menu_page_id-1926 menu-item menu-item-type-post_type menu-item-object-page menu-item-1956\"><a href=\"https:\/\/stage.brancaia.cyon.site\/it\/chi-siamo\/storia\/cronologia-1990\/\">1990 \u2013 1999<\/a><\/li>\n<li id=\"menu-item-1957\" class=\"et_pb_menu_page_id-1942 menu-item menu-item-type-post_type menu-item-object-page menu-item-1957\"><a href=\"https:\/\/stage.brancaia.cyon.site\/it\/chi-siamo\/storia\/cronologia-1980\/\">1980 \u2013 1989<\/a><\/li>\n<\/ul><\/nav>\n\t\t\t\t\t\t\t<\/div>\n\t\t\t\t\t\t\t\n\t\t\t\t\t\t\t\n\t\t\t\t\t\t\t<div class=\"et_mobile_nav_menu\">\n\t\t\t\t<div class=\"mobile_nav closed\">\n\t\t\t\t\t<span class=\"mobile_menu_bar\"><\/span>\n\t\t\t\t<\/div>\n\t\t\t<\/div>\n\t\t\t\t\t\t<\/div>\n\t\t\t\t\t\t\n\t\t\t\t\t<\/div>\n\t\t\t\t<\/div>\n\t\t\t<\/div>\n\t\t\t\t\n\t\t\t\t\n\t\t\t\t\n\t\t\t\t\n\t\t\t<\/div><div class=\"et_d4_element et_pb_row et_pb_row_1  et_pb_css_mix_blend_mode et_block_row\">\n\t\t\t\t<div class=\"et_d4_element et_pb_column_4_4 et_pb_column et_pb_column_1  et_pb_css_mix_blend_mode et-last-child et_block_column\">\n\t\t\t\t\n\t\t\t\t\n\t\t\t\t\n\t\t\t\t\n\t\t\t\t<div class=\"et_pb_module et_d4_element et_pb_text et_pb_text_0  et_pb_text_align_left et_pb_bg_layout_light\">\n\t\t\t\t\n\t\t\t\t\n\t\t\t\t\n\t\t\t\t\n\t\t\t\t<div class=\"et_pb_text_inner\"><h1>Cronologia 2000-2009<\/h1>\n<p>&nbsp;<\/p><\/div>\n\t\t\t<\/div>\n\t\t\t<\/div>\n\t\t\t\t\n\t\t\t\t\n\t\t\t\t\n\t\t\t\t\n\t\t\t<\/div><div class=\"et_d4_element et_pb_row et_pb_row_2  et_pb_css_mix_blend_mode et_block_row\">\n\t\t\t\t<div class=\"et_d4_element et_pb_column_1_2 et_pb_column et_pb_column_2  et_pb_css_mix_blend_mode et_block_column\">\n\t\t\t\t\n\t\t\t\t\n\t\t\t\t\n\t\t\t\t\n\t\t\t\t<div class=\"et_pb_module et_d4_element et_pb_text et_pb_text_1  et_pb_text_align_left et_pb_bg_layout_light\">\n\t\t\t\t\n\t\t\t\t\n\t\t\t\t\n\t\t\t\t\n\t\t\t\t<div class=\"et_pb_text_inner\"><p><strong>Nel 2000 Brancaia ha prodotto per la prima volta il TRE.<\/strong> Come assemblaggio di uve provenienti da diverse zone di coltivazione toscane, \u00e8 una novit\u00e0 assoluta e un'altra coraggiosa rottura nella tradizione. Nello stesso anno i vigneti maremmani consentono la prima piccola vendemmia. La cantina di Radda apre le porte ai visitatori e l'installazione di uno scaldacqua solare rende Brancaia ancora pi\u00f9 ecologica.<\/p><\/div>\n\t\t\t<\/div><div class=\"et_pb_module et_d4_element et_pb_image et_pb_image_0\">\n\t\t\t\t\n\t\t\t\t\n\t\t\t\t\n\t\t\t\t\n\t\t\t\t<span class=\"et_pb_image_wrap \"><img loading=\"lazy\" decoding=\"async\" width=\"1200\" height=\"960\" src=\"https:\/\/stage.brancaia.cyon.site\/wp-content\/uploads\/Brancaia_Grappa_1200x960px_01..jpg\" alt=\"\" title=\"Brancaia_Grappa_1200x960px_01.\" srcset=\"https:\/\/stage.brancaia.cyon.site\/wp-content\/uploads\/Brancaia_Grappa_1200x960px_01..jpg 1200w, https:\/\/stage.brancaia.cyon.site\/wp-content\/uploads\/Brancaia_Grappa_1200x960px_01.-980x784.jpg 980w, https:\/\/stage.brancaia.cyon.site\/wp-content\/uploads\/Brancaia_Grappa_1200x960px_01.-480x384.jpg 480w\" sizes=\"(min-width: 0px) and (max-width: 480px) 480px, (min-width: 481px) and (max-width: 980px) 980px, (min-width: 981px) 1200px, 100vw\" class=\"wp-image-3619\" \/><\/span>\n\t\t\t<\/div><div class=\"et_pb_module et_d4_element et_pb_text et_pb_text_2  et_pb_text_align_left et_pb_bg_layout_light\">\n\t\t\t\t\n\t\t\t\t\n\t\t\t\t\n\t\t\t\t\n\t\t\t\t<div class=\"et_pb_text_inner\"><p><strong>Nel 2002 Brancaia ha lanciato sul mercato il suo vino di punta della Maremma.<\/strong> Porta il nome Ilatraia e, nonostante la difficile annata vinicola, riceve subito grandi riconoscimenti. Simon Woods di \u201cWine International\u201d d\u00e0 95 punti su 100, il \u201cWine Spectator\u201d 92. \u201cVecchi documenti dicono che la collina sulla propriet\u00e0 in Maremma \u00e8 stata chiamata Ilatraia almeno dal 1823. Presumibilmente a quel tempo era coperto di alberi ilatro. \u00c8 cos\u00ec che \u00e8 uscito il nome Ilatraia. Oggi il nostro miglior Petit Verdot cresce l\u00ec \u201d, spiega Barbara Widmer. Il 2002 \u00e8 anche un anno importante per Brancaia dal punto di vista commerciale. La cantina esporta per la prima volta in Giappone e Thailandia, il che le consente di prendere piede in Asia.<\/p><\/div>\n\t\t\t<\/div><div class=\"et_pb_module et_d4_element et_pb_image et_pb_image_1\">\n\t\t\t\t\n\t\t\t\t\n\t\t\t\t\n\t\t\t\t\n\t\t\t\t<span class=\"et_pb_image_wrap \"><img loading=\"lazy\" decoding=\"async\" width=\"1200\" height=\"960\" src=\"https:\/\/stage.brancaia.cyon.site\/wp-content\/uploads\/Brancaia_Weinkeller_1200x960px_06.jpg\" alt=\"\" title=\"Brancaia_Weinkeller_1200x960px_06\" srcset=\"https:\/\/stage.brancaia.cyon.site\/wp-content\/uploads\/Brancaia_Weinkeller_1200x960px_06.jpg 1200w, https:\/\/stage.brancaia.cyon.site\/wp-content\/uploads\/Brancaia_Weinkeller_1200x960px_06-980x784.jpg 980w, https:\/\/stage.brancaia.cyon.site\/wp-content\/uploads\/Brancaia_Weinkeller_1200x960px_06-480x384.jpg 480w\" sizes=\"(min-width: 0px) and (max-width: 480px) 480px, (min-width: 481px) and (max-width: 980px) 980px, (min-width: 981px) 1200px, 100vw\" class=\"wp-image-3475\" \/><\/span>\n\t\t\t<\/div><div class=\"et_pb_module et_d4_element et_pb_text et_pb_text_3  et_pb_text_align_left et_pb_bg_layout_light\">\n\t\t\t\t\n\t\t\t\t\n\t\t\t\t\n\t\t\t\t\n\t\t\t\t<div class=\"et_pb_text_inner\"><p><strong>Nel 2004 c'erano gi\u00e0 40 ettari di vigneto in Maremma. Brancaia \u00e8 anche soddisfatta delle sue prime esportazioni in Brasile.<\/strong><\/p>\n<p><strong>Nel 2006 Brancaia si \u00e8 classificata al 9 \u00b0 posto nella top 100 del \u201cWine Spectator\u201d con IL BLU 2004.<\/strong><\/p>\n<p><strong>Nel 2007 l'India si \u00e8 aggiunta all'elenco dei paesi in cui Brancaia esporta i suoi vini.<\/strong><\/p>\n<p><strong>Brancaia consegna in Messico per la prima volta nel 2008.<\/strong> Ci\u00f2 significa che i vini di Radda, Castellina e Maremma sono gi\u00e0 disponibili in circa 40 paesi nel mondo. C'\u00e8 una cooperazione a lungo termine con la maggior parte dei partner.<\/p><\/div>\n\t\t\t<\/div>\n\t\t\t<\/div><div class=\"et_d4_element et_pb_column_1_2 et_pb_column et_pb_column_3  et_pb_css_mix_blend_mode et-last-child et_block_column\">\n\t\t\t\t\n\t\t\t\t\n\t\t\t\t\n\t\t\t\t\n\t\t\t\t<div class=\"et_pb_module et_d4_element et_pb_image et_pb_image_2\">\n\t\t\t\t\n\t\t\t\t\n\t\t\t\t\n\t\t\t\t\n\t\t\t\t<span class=\"et_pb_image_wrap \"><img loading=\"lazy\" decoding=\"async\" width=\"1200\" height=\"960\" src=\"https:\/\/stage.brancaia.cyon.site\/wp-content\/uploads\/Brancaia_Weine_TRE_1200x960px_01.jpg\" alt=\"\" title=\"Brancaia_Weine_TRE_1200x960px_01\" srcset=\"https:\/\/stage.brancaia.cyon.site\/wp-content\/uploads\/Brancaia_Weine_TRE_1200x960px_01.jpg 1200w, https:\/\/stage.brancaia.cyon.site\/wp-content\/uploads\/Brancaia_Weine_TRE_1200x960px_01-980x784.jpg 980w, https:\/\/stage.brancaia.cyon.site\/wp-content\/uploads\/Brancaia_Weine_TRE_1200x960px_01-480x384.jpg 480w\" sizes=\"(min-width: 0px) and (max-width: 480px) 480px, (min-width: 481px) and (max-width: 980px) 980px, (min-width: 981px) 1200px, 100vw\" class=\"wp-image-3612\" \/><\/span>\n\t\t\t<\/div><div class=\"et_pb_module et_d4_element et_pb_text et_pb_text_4  et_pb_text_align_left et_pb_bg_layout_light\">\n\t\t\t\t\n\t\t\t\t\n\t\t\t\t\n\t\t\t\t\n\t\t\t\t<div class=\"et_pb_text_inner\"><p><strong>Nel 2001 Brancaia ha ampliato la sua gamma di prodotti e ha prodotto per la prima volta la grappa insieme alla famosa Distilleria Berta del Piemonte.<\/strong> Una delle dieci botti di liquore morbido e ambrato pu\u00f2 invecchiare per altri nove anni dalla Grappa annata alla Grappa 10.<\/p><\/div>\n\t\t\t<\/div><div class=\"et_pb_module et_d4_element et_pb_image et_pb_image_3\">\n\t\t\t\t\n\t\t\t\t\n\t\t\t\t\n\t\t\t\t\n\t\t\t\t<span class=\"et_pb_image_wrap \"><img loading=\"lazy\" decoding=\"async\" width=\"1200\" height=\"960\" src=\"https:\/\/stage.brancaia.cyon.site\/wp-content\/uploads\/Brancaia_Weine_ILatraia_1200x960px_01..jpg\" alt=\"\" title=\"Brancaia_Weine_ILatraia_1200x960px_01.\" srcset=\"https:\/\/stage.brancaia.cyon.site\/wp-content\/uploads\/Brancaia_Weine_ILatraia_1200x960px_01..jpg 1200w, https:\/\/stage.brancaia.cyon.site\/wp-content\/uploads\/Brancaia_Weine_ILatraia_1200x960px_01.-980x784.jpg 980w, https:\/\/stage.brancaia.cyon.site\/wp-content\/uploads\/Brancaia_Weine_ILatraia_1200x960px_01.-480x384.jpg 480w\" sizes=\"(min-width: 0px) and (max-width: 480px) 480px, (min-width: 481px) and (max-width: 980px) 980px, (min-width: 981px) 1200px, 100vw\" class=\"wp-image-3622\" \/><\/span>\n\t\t\t<\/div><div class=\"et_pb_module et_d4_element et_pb_text et_pb_text_5  et_pb_text_align_left et_pb_bg_layout_light\">\n\t\t\t\t\n\t\t\t\t\n\t\t\t\t\n\t\t\t\t\n\t\t\t\t<div class=\"et_pb_text_inner\"><p><strong>Nel 2003 la nuova cantina in Maremma \u00e8 finalmente pronta per l'uso - e c'\u00e8 una bellissima sorpresa nell'edizione cartacea di \u201cWine Spectator\u201d.<\/strong> A Barbara Widmer \u00e8 dedicata anche la storia di copertina \u201cI nuovi volti d'Italia\u201d. \u00c8 l'unica enologa senza passaporto italiano a entrare nella cerchia esclusiva dei dieci prescelti. Progressi anche sul fronte dell'export: si aggiungono Israele e Canada come nuove destinazioni per Brancaia.<\/p><\/div>\n\t\t\t<\/div><div class=\"et_pb_module et_d4_element et_pb_image et_pb_image_4\">\n\t\t\t\t\n\t\t\t\t\n\t\t\t\t\n\t\t\t\t\n\t\t\t\t<span class=\"et_pb_image_wrap \"><img loading=\"lazy\" decoding=\"async\" width=\"1200\" height=\"960\" src=\"https:\/\/stage.brancaia.cyon.site\/wp-content\/uploads\/Brancaia_Weine_ILBIANCO_1200x960px_01..jpg\" alt=\"\" title=\"Brancaia_Weine_ILBIANCO_1200x960px_01.\" srcset=\"https:\/\/stage.brancaia.cyon.site\/wp-content\/uploads\/Brancaia_Weine_ILBIANCO_1200x960px_01..jpg 1200w, https:\/\/stage.brancaia.cyon.site\/wp-content\/uploads\/Brancaia_Weine_ILBIANCO_1200x960px_01.-980x784.jpg 980w, https:\/\/stage.brancaia.cyon.site\/wp-content\/uploads\/Brancaia_Weine_ILBIANCO_1200x960px_01.-480x384.jpg 480w\" sizes=\"(min-width: 0px) and (max-width: 480px) 480px, (min-width: 481px) and (max-width: 980px) 980px, (min-width: 981px) 1200px, 100vw\" class=\"wp-image-3628\" \/><\/span>\n\t\t\t<\/div><div class=\"et_pb_module et_d4_element et_pb_text et_pb_text_6  et_pb_text_align_left et_pb_bg_layout_light\">\n\t\t\t\t\n\t\t\t\t\n\t\t\t\t\n\t\t\t\t\n\t\t\t\t<div class=\"et_pb_text_inner\"><p><strong>Nel 2009 l'annata 2007 TRE \u00e8 arrivata al 10 \u00b0 posto nella illustre Top 100 della \u201cWine Spectator\u201d.<\/strong> Con Il Bianco Brancaia produce il suo primo vino bianco. \u201cI vini bianchi di solito giocano un ruolo minore in Toscana. Siamo tanto pi\u00f9 orgogliosi del nostro Il Bianco, che ci sembra ancora migliore ad ogni annata e si \u00e8 sviluppato molto bene nel tempo \u201d, spiega Barbara Widmer.<\/p><\/div>\n\t\t\t<\/div>\n\t\t\t<\/div>\n\t\t\t\t\n\t\t\t\t\n\t\t\t\t\n\t\t\t\t\n\t\t\t<\/div>\n\t\t\t\t\n\t\t\t\t\n\t\t\t<\/div><\/p>\n","protected":false},"excerpt":{"rendered":"","protected":false},"author":1,"featured_media":0,"parent":1799,"menu_order":13,"comment_status":"closed","ping_status":"closed","template":"","meta":{"_et_pb_use_builder":"on","_et_pb_old_content":"<!-- wp:divi\/placeholder \/-->","_et_gb_content_width":"","footnotes":""},"class_list":["post-1911","page","type-page","status-publish","hentry"],"yoast_head":"<!-- This site is optimized with the Yoast SEO plugin v27.1.1 - https:\/\/yoast.com\/product\/yoast-seo-wordpress\/ -->\n<title>Cronologia 2000 - BRANCAIA<\/title>\n<meta name=\"robots\" content=\"index, follow, max-snippet:-1, max-image-preview:large, max-video-preview:-1\" \/>\n<link rel=\"canonical\" href=\"https:\/\/stage.brancaia.cyon.site\/it\/chi-siamo\/storia\/cronologia-2000\/\" \/>\n<meta property=\"og:locale\" content=\"it_IT\" \/>\n<meta property=\"og:type\" content=\"article\" \/>\n<meta property=\"og:title\" content=\"Cronologia 2000 - BRANCAIA\" \/>\n<meta property=\"og:url\" content=\"https:\/\/stage.brancaia.cyon.site\/it\/chi-siamo\/storia\/cronologia-2000\/\" \/>\n<meta property=\"og:site_name\" content=\"BRANCAIA\" \/>\n<meta property=\"article:modified_time\" content=\"2025-01-27T11:36:49+00:00\" \/>\n<meta name=\"twitter:card\" content=\"summary_large_image\" \/>\n<meta name=\"twitter:label1\" content=\"Tempo di lettura stimato\" \/>\n\t<meta name=\"twitter:data1\" content=\"5 minuti\" \/>\n<script type=\"application\/ld+json\" class=\"yoast-schema-graph\">{\"@context\":\"https:\/\/schema.org\",\"@graph\":[{\"@type\":\"WebPage\",\"@id\":\"https:\/\/stage.brancaia.cyon.site\/it\/chi-siamo\/storia\/cronologia-2000\/\",\"url\":\"https:\/\/stage.brancaia.cyon.site\/it\/chi-siamo\/storia\/cronologia-2000\/\",\"name\":\"Cronologia 2000 - BRANCAIA\",\"isPartOf\":{\"@id\":\"https:\/\/stage.brancaia.cyon.site\/it\/#website\"},\"datePublished\":\"2021-01-05T17:15:43+00:00\",\"dateModified\":\"2025-01-27T11:36:49+00:00\",\"breadcrumb\":{\"@id\":\"https:\/\/stage.brancaia.cyon.site\/it\/chi-siamo\/storia\/cronologia-2000\/#breadcrumb\"},\"inLanguage\":\"it-IT\",\"potentialAction\":[{\"@type\":\"ReadAction\",\"target\":[\"https:\/\/stage.brancaia.cyon.site\/it\/chi-siamo\/storia\/cronologia-2000\/\"]}]},{\"@type\":\"BreadcrumbList\",\"@id\":\"https:\/\/stage.brancaia.cyon.site\/it\/chi-siamo\/storia\/cronologia-2000\/#breadcrumb\",\"itemListElement\":[{\"@type\":\"ListItem\",\"position\":1,\"name\":\"Home\",\"item\":\"https:\/\/stage.brancaia.cyon.site\/it\/home\/\"},{\"@type\":\"ListItem\",\"position\":2,\"name\":\"Chi siamo\",\"item\":\"https:\/\/stage.brancaia.cyon.site\/it\/chi-siamo\/\"},{\"@type\":\"ListItem\",\"position\":3,\"name\":\"storia\",\"item\":\"https:\/\/stage.brancaia.cyon.site\/it\/chi-siamo\/storia\/\"},{\"@type\":\"ListItem\",\"position\":4,\"name\":\"Cronologia 2000\"}]},{\"@type\":\"WebSite\",\"@id\":\"https:\/\/stage.brancaia.cyon.site\/it\/#website\",\"url\":\"https:\/\/stage.brancaia.cyon.site\/it\/\",\"name\":\"BRANCAIA\",\"description\":\"Winery &amp; Wines\",\"potentialAction\":[{\"@type\":\"SearchAction\",\"target\":{\"@type\":\"EntryPoint\",\"urlTemplate\":\"https:\/\/stage.brancaia.cyon.site\/it\/?s={search_term_string}\"},\"query-input\":{\"@type\":\"PropertyValueSpecification\",\"valueRequired\":true,\"valueName\":\"search_term_string\"}}],\"inLanguage\":\"it-IT\"}]}<\/script>\n<!-- \/ Yoast SEO plugin. -->","yoast_head_json":{"title":"Cronologia 2000 - BRANCAIA","robots":{"index":"index","follow":"follow","max-snippet":"max-snippet:-1","max-image-preview":"max-image-preview:large","max-video-preview":"max-video-preview:-1"},"canonical":"https:\/\/stage.brancaia.cyon.site\/it\/chi-siamo\/storia\/cronologia-2000\/","og_locale":"it_IT","og_type":"article","og_title":"Cronologia 2000 - BRANCAIA","og_url":"https:\/\/stage.brancaia.cyon.site\/it\/chi-siamo\/storia\/cronologia-2000\/","og_site_name":"BRANCAIA","article_modified_time":"2025-01-27T11:36:49+00:00","twitter_card":"summary_large_image","twitter_misc":{"Tempo di lettura stimato":"5 minuti"},"schema":{"@context":"https:\/\/schema.org","@graph":[{"@type":"WebPage","@id":"https:\/\/stage.brancaia.cyon.site\/it\/chi-siamo\/storia\/cronologia-2000\/","url":"https:\/\/stage.brancaia.cyon.site\/it\/chi-siamo\/storia\/cronologia-2000\/","name":"Cronologia 2000 - BRANCAIA","isPartOf":{"@id":"https:\/\/stage.brancaia.cyon.site\/it\/#website"},"datePublished":"2021-01-05T17:15:43+00:00","dateModified":"2025-01-27T11:36:49+00:00","breadcrumb":{"@id":"https:\/\/stage.brancaia.cyon.site\/it\/chi-siamo\/storia\/cronologia-2000\/#breadcrumb"},"inLanguage":"it-IT","potentialAction":[{"@type":"ReadAction","target":["https:\/\/stage.brancaia.cyon.site\/it\/chi-siamo\/storia\/cronologia-2000\/"]}]},{"@type":"BreadcrumbList","@id":"https:\/\/stage.brancaia.cyon.site\/it\/chi-siamo\/storia\/cronologia-2000\/#breadcrumb","itemListElement":[{"@type":"ListItem","position":1,"name":"Home","item":"https:\/\/stage.brancaia.cyon.site\/it\/home\/"},{"@type":"ListItem","position":2,"name":"Chi siamo","item":"https:\/\/stage.brancaia.cyon.site\/it\/chi-siamo\/"},{"@type":"ListItem","position":3,"name":"storia","item":"https:\/\/stage.brancaia.cyon.site\/it\/chi-siamo\/storia\/"},{"@type":"ListItem","position":4,"name":"Cronologia 2000"}]},{"@type":"WebSite","@id":"https:\/\/stage.brancaia.cyon.site\/it\/#website","url":"https:\/\/stage.brancaia.cyon.site\/it\/","name":"BRANCAIA","description":"Winery &amp; Wines","potentialAction":[{"@type":"SearchAction","target":{"@type":"EntryPoint","urlTemplate":"https:\/\/stage.brancaia.cyon.site\/it\/?s={search_term_string}"},"query-input":{"@type":"PropertyValueSpecification","valueRequired":true,"valueName":"search_term_string"}}],"inLanguage":"it-IT"}]}},"_links":{"self":[{"href":"https:\/\/stage.brancaia.cyon.site\/it\/wp-json\/wp\/v2\/pages\/1911","targetHints":{"allow":["GET"]}}],"collection":[{"href":"https:\/\/stage.brancaia.cyon.site\/it\/wp-json\/wp\/v2\/pages"}],"about":[{"href":"https:\/\/stage.brancaia.cyon.site\/it\/wp-json\/wp\/v2\/types\/page"}],"author":[{"embeddable":true,"href":"https:\/\/stage.brancaia.cyon.site\/it\/wp-json\/wp\/v2\/users\/1"}],"replies":[{"embeddable":true,"href":"https:\/\/stage.brancaia.cyon.site\/it\/wp-json\/wp\/v2\/comments?post=1911"}],"version-history":[{"count":16,"href":"https:\/\/stage.brancaia.cyon.site\/it\/wp-json\/wp\/v2\/pages\/1911\/revisions"}],"predecessor-version":[{"id":16610,"href":"https:\/\/stage.brancaia.cyon.site\/it\/wp-json\/wp\/v2\/pages\/1911\/revisions\/16610"}],"up":[{"embeddable":true,"href":"https:\/\/stage.brancaia.cyon.site\/it\/wp-json\/wp\/v2\/pages\/1799"}],"wp:attachment":[{"href":"https:\/\/stage.brancaia.cyon.site\/it\/wp-json\/wp\/v2\/media?parent=1911"}],"curies":[{"name":"wp","href":"https:\/\/api.w.org\/{rel}","templated":true}]}}