{"id":1811,"date":"2021-01-05T17:41:40","date_gmt":"2021-01-05T16:41:40","guid":{"rendered":"https:\/\/brancaia.cyon.site\/riguardo-a-noi\/filosofia\/"},"modified":"2025-02-26T18:15:15","modified_gmt":"2025-02-26T17:15:15","slug":"filosofia","status":"publish","type":"page","link":"https:\/\/stage.brancaia.cyon.site\/it\/chi-siamo\/filosofia\/","title":{"rendered":"filosofia"},"content":{"rendered":"<p><div class=\"et_d4_element et_pb_section et_pb_section_0  et_pb_css_mix_blend_mode et_pb_fullwidth_section et_section_regular et_block_section\" >\n\t\t\t\t\n\t\t\t\t\n\t\t\t\t\n\t\t\t\t\n\t\t\t\t\n\t\t\t\t\n\t\t\t\t<section class=\"et_pb_module et_d4_element et_pb_fullwidth_header et_pb_fullwidth_header_0  et_pb_css_mix_blend_mode et_pb_text_align_left et_pb_bg_layout_dark\">\n\t\t\t\t\n\t\t\t\t\n\t\t\t\t\n\t\t\t\t\n\t\t\t\t<div class=\"et_pb_fullwidth_header_container left\">\n\t\t\t\t\t<div class=\"header-content-container center\">\n\t\t\t\t\t<div class=\"header-content\">\n\t\t\t\t\t\t\n\t\t\t\t\t\t<h1 class=\"et_pb_module_header\"> <\/h1>\n\t\t\t\t\t\t\n\t\t\t\t\t\t<div class=\"et_pb_header_content_wrapper\"><\/div>\n\t\t\t\t\t\t\n\t\t\t\t\t<\/div>\n\t\t\t\t<\/div>\n\t\t\t\t\t\n\t\t\t\t<\/div>\n\t\t\t\t<div class=\"et_pb_fullwidth_header_overlay\"><\/div>\n\t\t\t\t<div class=\"et_pb_fullwidth_header_scroll\"><\/div>\n\t\t\t<\/section>\n\t\t\t\t\n\t\t\t\t\n\t\t\t<\/div><div class=\"et_d4_element et_pb_section et_pb_section_1  et_pb_css_mix_blend_mode et_section_regular et_block_section\" >\n\t\t\t\t\n\t\t\t\t\n\t\t\t\t\n\t\t\t\t\n\t\t\t\t\n\t\t\t\t\n\t\t\t\t<div class=\"et_d4_element et_pb_row et_pb_row_0  et_pb_css_mix_blend_mode et_block_row\">\n\t\t\t\t<div class=\"et_d4_element et_pb_column_4_4 et_pb_column et_pb_column_0  et_pb_css_mix_blend_mode et-last-child et_block_column\">\n\t\t\t\t\n\t\t\t\t\n\t\t\t\t\n\t\t\t\t\n\t\t\t\t<div class=\"et_pb_module et_d4_element et_pb_text et_pb_text_0 ba-title-lead  et_pb_text_align_left et_pb_bg_layout_light\">\n\t\t\t\t\n\t\t\t\t\n\t\t\t\t\n\t\t\t\t\n\t\t\t\t<div class=\"et_pb_text_inner\"><h1 style=\"text-align: center;\">filosofia<\/h1>\n<div class=\"flex max-w-full flex-col flex-grow\">\n<div class=\"min-h-8 text-message relative flex w-full flex-col items-end gap-2 whitespace-normal break-words text-start &#091;.text-message+&amp;&#093;:mt-5\" dir=\"auto\" data-message-author-role=\"assistant\" data-message-id=\"4ba32f64-6d31-48a2-aac5-34a542bdc319\" data-message-model-slug=\"gpt-4o-mini\">\n<div class=\"flex w-full flex-col gap-1 empty:hidden first:pt-&#091;3px&#093;\">\n<div class=\"markdown prose w-full break-words dark:prose-invert light\">\n<p style=\"text-align: center;\" data-start=\"0\" data-end=\"142\"><strong>La nostra missione \u00e8 creare vini di eccellenza, profondamente legati al terroir toscano, guidati dalla natura.<\/strong><\/p>\n<\/div>\n<\/div>\n<\/div>\n<\/div>\n<p>&nbsp;<\/p><\/div>\n\t\t\t<\/div>\n\t\t\t<\/div>\n\t\t\t\t\n\t\t\t\t\n\t\t\t\t\n\t\t\t\t\n\t\t\t<\/div><div class=\"et_d4_element et_pb_row et_pb_row_1 cb-switch-columns-on-mobile  et_pb_css_mix_blend_mode et_block_row\">\n\t\t\t\t<div class=\"et_d4_element et_pb_column_1_2 et_pb_column et_pb_column_1  et_pb_css_mix_blend_mode et_block_column\">\n\t\t\t\t\n\t\t\t\t\n\t\t\t\t\n\t\t\t\t\n\t\t\t\t<div class=\"et_pb_module et_d4_element et_pb_text et_pb_text_1  et_pb_text_align_left et_pb_bg_layout_light\">\n\t\t\t\t\n\t\t\t\t\n\t\t\t\t\n\t\t\t\t\n\t\t\t\t<div class=\"et_pb_text_inner\"><p>La Toscana ci parla attraverso il suo paesaggio e la sua tradizione vinicola, e noi ascoltiamo con attenzione. \u00c8 la natura che ci indica la via, mentre noi ne diamo espressione. In ogni gesto e in ogni decisione mettiamo al centro la sostenibilit\u00e0, il rispetto per l'ambiente e per la comunit\u00e0. Cos\u00ec nasce ogni nostro vino: da una perfetta armonia tra terroir, uomo e natura.<\/p><\/div>\n\t\t\t<\/div><div class=\"et_pb_button_module_wrapper et_pb_button_0_wrapper et_pb_button_alignment_center et_pb_module \">\n\t\t\t\t<a class=\"et_pb_button et_d4_element et_pb_button_0 et_pb_bg_layout_light et_block_module\" href=\"https:\/\/stage.brancaia.cyon.site\/it\/chi-siamo\/sostenibilita\/\">sostenibilit\u00e0 per Brancaia<\/a>\n\t\t\t<\/div>\n\t\t\t<\/div><div class=\"et_d4_element et_pb_column_1_2 et_pb_column et_pb_column_2  et_pb_css_mix_blend_mode et-last-child et_block_column\">\n\t\t\t\t\n\t\t\t\t\n\t\t\t\t\n\t\t\t\t\n\t\t\t\t<div class=\"et_pb_module et_d4_element et_pb_image et_pb_image_0\">\n\t\t\t\t\n\t\t\t\t\n\t\t\t\t\n\t\t\t\t\n\t\t\t\t<span class=\"et_pb_image_wrap \"><img loading=\"lazy\" decoding=\"async\" width=\"1000\" height=\"800\" src=\"https:\/\/stage.brancaia.cyon.site\/wp-content\/uploads\/Barbara-Widmer-in-vigna.png\" alt=\"\" title=\"Barbara Widmer in vigna\" srcset=\"https:\/\/stage.brancaia.cyon.site\/wp-content\/uploads\/Barbara-Widmer-in-vigna.png 1000w, https:\/\/stage.brancaia.cyon.site\/wp-content\/uploads\/Barbara-Widmer-in-vigna-980x784.png 980w, https:\/\/stage.brancaia.cyon.site\/wp-content\/uploads\/Barbara-Widmer-in-vigna-480x384.png 480w\" sizes=\"(min-width: 0px) and (max-width: 480px) 480px, (min-width: 481px) and (max-width: 980px) 980px, (min-width: 981px) 1000px, 100vw\" class=\"wp-image-17245\" \/><\/span>\n\t\t\t<\/div>\n\t\t\t<\/div>\n\t\t\t\t\n\t\t\t\t\n\t\t\t\t\n\t\t\t\t\n\t\t\t<\/div><div class=\"et_d4_element et_pb_row et_pb_row_2  et_pb_css_mix_blend_mode et_block_row\">\n\t\t\t\t<div class=\"et_d4_element et_pb_column_1_2 et_pb_column et_pb_column_3  et_pb_css_mix_blend_mode et_block_column\">\n\t\t\t\t\n\t\t\t\t\n\t\t\t\t\n\t\t\t\t\n\t\t\t\t<div class=\"et_pb_module et_d4_element et_pb_image et_pb_image_1\">\n\t\t\t\t\n\t\t\t\t\n\t\t\t\t\n\t\t\t\t\n\t\t\t\t<span class=\"et_pb_image_wrap \"><img loading=\"lazy\" decoding=\"async\" width=\"1000\" height=\"800\" src=\"https:\/\/stage.brancaia.cyon.site\/wp-content\/uploads\/Amar-in-cantina.png\" alt=\"\" title=\"Amar in cantina\" srcset=\"https:\/\/stage.brancaia.cyon.site\/wp-content\/uploads\/Amar-in-cantina.png 1000w, https:\/\/stage.brancaia.cyon.site\/wp-content\/uploads\/Amar-in-cantina-980x784.png 980w, https:\/\/stage.brancaia.cyon.site\/wp-content\/uploads\/Amar-in-cantina-480x384.png 480w\" sizes=\"(min-width: 0px) and (max-width: 480px) 480px, (min-width: 481px) and (max-width: 980px) 980px, (min-width: 981px) 1000px, 100vw\" class=\"wp-image-17248\" \/><\/span>\n\t\t\t<\/div>\n\t\t\t<\/div><div class=\"et_d4_element et_pb_column_1_2 et_pb_column et_pb_column_4  et_pb_css_mix_blend_mode et-last-child et_block_column\">\n\t\t\t\t\n\t\t\t\t\n\t\t\t\t\n\t\t\t\t\n\t\t\t\t<div class=\"et_pb_module et_d4_element et_pb_text et_pb_text_2  et_pb_text_align_left et_pb_bg_layout_light\">\n\t\t\t\t\n\t\t\t\t\n\t\t\t\t\n\t\t\t\t\n\t\t\t\t<div class=\"et_pb_text_inner\"><p>La conoscenza umana \u00e8 ci\u00f2 che fa la differenza, ed \u00e8 in cantina che questa conoscenza si trasforma in arte. Ogni fase della produzione \u00e8 eseguita con precisione dal team di Brancaia, dalla vendemmia manuale delle uve alla selezione e alla maturazione in bottiglia, con l'obiettivo di esprimere pienamente l'armonia e la complessit\u00e0 dei nostri vini.<\/p><\/div>\n\t\t\t<\/div><div class=\"et_pb_button_module_wrapper et_pb_button_1_wrapper et_pb_button_alignment_center et_pb_module \">\n\t\t\t\t<a class=\"et_pb_button et_d4_element et_pb_button_1 et_pb_bg_layout_light et_block_module\" href=\"https:\/\/stage.brancaia.cyon.site\/it\/azienda\/cantina\/\">Scopri di pi\u00f9 sul nostro lavoro<\/a>\n\t\t\t<\/div>\n\t\t\t<\/div>\n\t\t\t\t\n\t\t\t\t\n\t\t\t\t\n\t\t\t\t\n\t\t\t<\/div>\n\t\t\t\t\n\t\t\t\t\n\t\t\t<\/div><\/p>\n","protected":false},"excerpt":{"rendered":"","protected":false},"author":1,"featured_media":0,"parent":1589,"menu_order":13,"comment_status":"closed","ping_status":"closed","template":"","meta":{"_et_pb_use_builder":"on","_et_pb_old_content":"","_et_gb_content_width":"","footnotes":""},"class_list":["post-1811","page","type-page","status-publish","hentry"],"yoast_head":"<!-- This site is optimized with the Yoast SEO plugin v27.1.1 - https:\/\/yoast.com\/product\/yoast-seo-wordpress\/ -->\n<title>filosofia - BRANCAIA<\/title>\n<meta name=\"description\" content=\"La nostra filosofia si basa sulla continua ricerca della qualit\u00e0, dell&#039;armonia e dell&#039;eleganza, sia nei vini che nell&#039;approccio produttivo.\" \/>\n<meta name=\"robots\" content=\"index, follow, max-snippet:-1, max-image-preview:large, max-video-preview:-1\" \/>\n<link rel=\"canonical\" href=\"https:\/\/stage.brancaia.cyon.site\/it\/chi-siamo\/filosofia\/\" \/>\n<meta property=\"og:locale\" content=\"it_IT\" \/>\n<meta property=\"og:type\" content=\"article\" \/>\n<meta property=\"og:title\" content=\"filosofia - BRANCAIA\" \/>\n<meta property=\"og:description\" content=\"La nostra filosofia si basa sulla continua ricerca della qualit\u00e0, dell&#039;armonia e dell&#039;eleganza, sia nei vini che nell&#039;approccio produttivo.\" \/>\n<meta property=\"og:url\" content=\"https:\/\/stage.brancaia.cyon.site\/it\/chi-siamo\/filosofia\/\" \/>\n<meta property=\"og:site_name\" content=\"BRANCAIA\" \/>\n<meta property=\"article:modified_time\" content=\"2025-02-26T17:15:15+00:00\" \/>\n<meta name=\"twitter:card\" content=\"summary_large_image\" \/>\n<meta name=\"twitter:label1\" content=\"Tempo di lettura stimato\" \/>\n\t<meta name=\"twitter:data1\" content=\"3 minuti\" \/>\n<script type=\"application\/ld+json\" class=\"yoast-schema-graph\">{\"@context\":\"https:\/\/schema.org\",\"@graph\":[{\"@type\":\"WebPage\",\"@id\":\"https:\/\/stage.brancaia.cyon.site\/it\/chi-siamo\/filosofia\/\",\"url\":\"https:\/\/stage.brancaia.cyon.site\/it\/chi-siamo\/filosofia\/\",\"name\":\"filosofia - BRANCAIA\",\"isPartOf\":{\"@id\":\"https:\/\/stage.brancaia.cyon.site\/it\/#website\"},\"datePublished\":\"2021-01-05T16:41:40+00:00\",\"dateModified\":\"2025-02-26T17:15:15+00:00\",\"description\":\"La nostra filosofia si basa sulla continua ricerca della qualit\u00e0, dell'armonia e dell'eleganza, sia nei vini che nell'approccio produttivo.\",\"breadcrumb\":{\"@id\":\"https:\/\/stage.brancaia.cyon.site\/it\/chi-siamo\/filosofia\/#breadcrumb\"},\"inLanguage\":\"it-IT\",\"potentialAction\":[{\"@type\":\"ReadAction\",\"target\":[\"https:\/\/stage.brancaia.cyon.site\/it\/chi-siamo\/filosofia\/\"]}]},{\"@type\":\"BreadcrumbList\",\"@id\":\"https:\/\/stage.brancaia.cyon.site\/it\/chi-siamo\/filosofia\/#breadcrumb\",\"itemListElement\":[{\"@type\":\"ListItem\",\"position\":1,\"name\":\"Home\",\"item\":\"https:\/\/stage.brancaia.cyon.site\/it\/home\/\"},{\"@type\":\"ListItem\",\"position\":2,\"name\":\"Chi siamo\",\"item\":\"https:\/\/stage.brancaia.cyon.site\/it\/chi-siamo\/\"},{\"@type\":\"ListItem\",\"position\":3,\"name\":\"filosofia\"}]},{\"@type\":\"WebSite\",\"@id\":\"https:\/\/stage.brancaia.cyon.site\/it\/#website\",\"url\":\"https:\/\/stage.brancaia.cyon.site\/it\/\",\"name\":\"BRANCAIA\",\"description\":\"Winery &amp; Wines\",\"potentialAction\":[{\"@type\":\"SearchAction\",\"target\":{\"@type\":\"EntryPoint\",\"urlTemplate\":\"https:\/\/stage.brancaia.cyon.site\/it\/?s={search_term_string}\"},\"query-input\":{\"@type\":\"PropertyValueSpecification\",\"valueRequired\":true,\"valueName\":\"search_term_string\"}}],\"inLanguage\":\"it-IT\"}]}<\/script>\n<!-- \/ Yoast SEO plugin. -->","yoast_head_json":{"title":"filosofia - BRANCAIA","description":"La nostra filosofia si basa sulla continua ricerca della qualit\u00e0, dell'armonia e dell'eleganza, sia nei vini che nell'approccio produttivo.","robots":{"index":"index","follow":"follow","max-snippet":"max-snippet:-1","max-image-preview":"max-image-preview:large","max-video-preview":"max-video-preview:-1"},"canonical":"https:\/\/stage.brancaia.cyon.site\/it\/chi-siamo\/filosofia\/","og_locale":"it_IT","og_type":"article","og_title":"filosofia - BRANCAIA","og_description":"La nostra filosofia si basa sulla continua ricerca della qualit\u00e0, dell'armonia e dell'eleganza, sia nei vini che nell'approccio produttivo.","og_url":"https:\/\/stage.brancaia.cyon.site\/it\/chi-siamo\/filosofia\/","og_site_name":"BRANCAIA","article_modified_time":"2025-02-26T17:15:15+00:00","twitter_card":"summary_large_image","twitter_misc":{"Tempo di lettura stimato":"3 minuti"},"schema":{"@context":"https:\/\/schema.org","@graph":[{"@type":"WebPage","@id":"https:\/\/stage.brancaia.cyon.site\/it\/chi-siamo\/filosofia\/","url":"https:\/\/stage.brancaia.cyon.site\/it\/chi-siamo\/filosofia\/","name":"filosofia - BRANCAIA","isPartOf":{"@id":"https:\/\/stage.brancaia.cyon.site\/it\/#website"},"datePublished":"2021-01-05T16:41:40+00:00","dateModified":"2025-02-26T17:15:15+00:00","description":"La nostra filosofia si basa sulla continua ricerca della qualit\u00e0, dell'armonia e dell'eleganza, sia nei vini che nell'approccio produttivo.","breadcrumb":{"@id":"https:\/\/stage.brancaia.cyon.site\/it\/chi-siamo\/filosofia\/#breadcrumb"},"inLanguage":"it-IT","potentialAction":[{"@type":"ReadAction","target":["https:\/\/stage.brancaia.cyon.site\/it\/chi-siamo\/filosofia\/"]}]},{"@type":"BreadcrumbList","@id":"https:\/\/stage.brancaia.cyon.site\/it\/chi-siamo\/filosofia\/#breadcrumb","itemListElement":[{"@type":"ListItem","position":1,"name":"Home","item":"https:\/\/stage.brancaia.cyon.site\/it\/home\/"},{"@type":"ListItem","position":2,"name":"Chi siamo","item":"https:\/\/stage.brancaia.cyon.site\/it\/chi-siamo\/"},{"@type":"ListItem","position":3,"name":"filosofia"}]},{"@type":"WebSite","@id":"https:\/\/stage.brancaia.cyon.site\/it\/#website","url":"https:\/\/stage.brancaia.cyon.site\/it\/","name":"BRANCAIA","description":"Winery &amp; Wines","potentialAction":[{"@type":"SearchAction","target":{"@type":"EntryPoint","urlTemplate":"https:\/\/stage.brancaia.cyon.site\/it\/?s={search_term_string}"},"query-input":{"@type":"PropertyValueSpecification","valueRequired":true,"valueName":"search_term_string"}}],"inLanguage":"it-IT"}]}},"_links":{"self":[{"href":"https:\/\/stage.brancaia.cyon.site\/it\/wp-json\/wp\/v2\/pages\/1811","targetHints":{"allow":["GET"]}}],"collection":[{"href":"https:\/\/stage.brancaia.cyon.site\/it\/wp-json\/wp\/v2\/pages"}],"about":[{"href":"https:\/\/stage.brancaia.cyon.site\/it\/wp-json\/wp\/v2\/types\/page"}],"author":[{"embeddable":true,"href":"https:\/\/stage.brancaia.cyon.site\/it\/wp-json\/wp\/v2\/users\/1"}],"replies":[{"embeddable":true,"href":"https:\/\/stage.brancaia.cyon.site\/it\/wp-json\/wp\/v2\/comments?post=1811"}],"version-history":[{"count":19,"href":"https:\/\/stage.brancaia.cyon.site\/it\/wp-json\/wp\/v2\/pages\/1811\/revisions"}],"predecessor-version":[{"id":17427,"href":"https:\/\/stage.brancaia.cyon.site\/it\/wp-json\/wp\/v2\/pages\/1811\/revisions\/17427"}],"up":[{"embeddable":true,"href":"https:\/\/stage.brancaia.cyon.site\/it\/wp-json\/wp\/v2\/pages\/1589"}],"wp:attachment":[{"href":"https:\/\/stage.brancaia.cyon.site\/it\/wp-json\/wp\/v2\/media?parent=1811"}],"curies":[{"name":"wp","href":"https:\/\/api.w.org\/{rel}","templated":true}]}}