{"id":15955,"date":"2024-10-23T18:04:22","date_gmt":"2024-10-23T16:04:22","guid":{"rendered":"https:\/\/stage.brancaia.cyon.site\/visite\/tour\/"},"modified":"2026-01-19T12:43:08","modified_gmt":"2026-01-19T11:43:08","slug":"tour","status":"publish","type":"page","link":"https:\/\/stage.brancaia.cyon.site\/it\/visite\/tour\/","title":{"rendered":"Experience"},"content":{"rendered":"<p><div class=\"et_d4_element et_pb_section et_pb_section_0  et_pb_css_mix_blend_mode et_pb_fullwidth_section et_section_regular et_block_section\" >\n\t\t\t\t\n\t\t\t\t\n\t\t\t\t\n\t\t\t\t\n\t\t\t\t\n\t\t\t\t\n\t\t\t\t<section class=\"et_pb_module et_d4_element et_pb_fullwidth_header et_pb_fullwidth_header_0  et_pb_css_mix_blend_mode et_pb_text_align_left et_pb_bg_layout_dark\">\n\t\t\t\t\n\t\t\t\t\n\t\t\t\t\n\t\t\t\t\n\t\t\t\t<div class=\"et_pb_fullwidth_header_container left\">\n\t\t\t\t\t<div class=\"header-content-container center\">\n\t\t\t\t\t<div class=\"header-content\">\n\t\t\t\t\t\t\n\t\t\t\t\t\t<h1 class=\"et_pb_module_header\"> <\/h1>\n\t\t\t\t\t\t\n\t\t\t\t\t\t<div class=\"et_pb_header_content_wrapper\"><\/div>\n\t\t\t\t\t\t\n\t\t\t\t\t<\/div>\n\t\t\t\t<\/div>\n\t\t\t\t\t\n\t\t\t\t<\/div>\n\t\t\t\t<div class=\"et_pb_fullwidth_header_overlay\"><\/div>\n\t\t\t\t<div class=\"et_pb_fullwidth_header_scroll\"><\/div>\n\t\t\t<\/section>\n\t\t\t\t\n\t\t\t\t\n\t\t\t<\/div><div class=\"et_d4_element et_pb_section et_pb_section_1  et_pb_css_mix_blend_mode et_section_regular et_block_section\" >\n\t\t\t\t\n\t\t\t\t\n\t\t\t\t\n\t\t\t\t\n\t\t\t\t\n\t\t\t\t\n\t\t\t\t<div class=\"et_d4_element et_pb_row et_pb_row_0  et_pb_css_mix_blend_mode et_block_row\">\n\t\t\t\t<div class=\"et_d4_element et_pb_column_4_4 et_pb_column et_pb_column_0  et_pb_css_mix_blend_mode et-last-child et_block_column\">\n\t\t\t\t\n\t\t\t\t\n\t\t\t\t\n\t\t\t\t\n\t\t\t\t<div class=\"et_pb_module et_d4_element et_pb_text et_pb_text_0 ba-lead-module  et_pb_text_align_left et_pb_bg_layout_light\">\n\t\t\t\t\n\t\t\t\t\n\t\t\t\t\n\t\t\t\t\n\t\t\t\t<div class=\"et_pb_text_inner\"><h1 style=\"text-align: center;\">Experience<\/h1>\n<div class=\"flex max-w-full flex-col flex-grow\">\n<div class=\"min-h-8 text-message flex w-full flex-col items-end gap-2 whitespace-normal break-words &#091;.text-message+&amp;&#093;:mt-5\" dir=\"auto\" data-message-author-role=\"assistant\" data-message-id=\"92ba9314-b66e-40d4-9e88-1469ba1420d8\" data-message-model-slug=\"gpt-4o-mini\">\n<div class=\"flex w-full flex-col gap-1 empty:hidden first:pt-&#091;3px&#093;\">\n<div class=\"markdown prose w-full break-words dark:prose-invert light\">\n<p style=\"text-align: center;\">Le nostre Experience includono sempre una visita guidata dei vigneti e delle cantine Brancaia. Il tour si conclude con una degustazione unica nella nostra sala panoramica, affacciata su vigneti e maestosi cipressi del Chianti.<br \/><em>\u00c8 richiesta la prenotazione.<\/em><\/p>\n<\/div>\n<\/div>\n<\/div>\n<\/div><\/div>\n\t\t\t<\/div>\n\t\t\t<\/div>\n\t\t\t\t\n\t\t\t\t\n\t\t\t\t\n\t\t\t\t\n\t\t\t<\/div><div class=\"et_d4_element et_pb_row et_pb_row_1  et_pb_css_mix_blend_mode et_block_row\">\n\t\t\t\t<div class=\"et_d4_element et_pb_column_1_2 et_pb_column et_pb_column_1  et_pb_css_mix_blend_mode et_block_column\">\n\t\t\t\t\n\t\t\t\t\n\t\t\t\t\n\t\t\t\t\n\t\t\t\t<div class=\"et_pb_module et_d4_element et_pb_image et_pb_image_0\">\n\t\t\t\t\n\t\t\t\t\n\t\t\t\t\n\t\t\t\t\n\t\t\t\t<span class=\"et_pb_image_wrap \"><img loading=\"lazy\" decoding=\"async\" width=\"1000\" height=\"800\" src=\"https:\/\/stage.brancaia.cyon.site\/wp-content\/uploads\/Foto-per-sito-10-1.png\" alt=\"Una mano indica l&#039;etichetta di una bottiglia di Brancaia Chianti Classico. La bottiglia presenta l&#039;etichetta nera tipica di Brancaia e un versatore per vino all&#039;apertura. Sullo sfondo, la persona indossa una maglietta di Brancaia. Questa scena simboleggia l&#039;expertise e l&#039;attenzione ai dettagli che vengono trasmesse nelle degustazioni di vino Brancaia. Ideale per gli amanti del vino che desiderano approfondire il processo di produzione dei vini Chianti. Perfetto per tour del vino e visite guidate nella nostra cantina in Toscana.\" title=\"Degustazione vini Brancaia Portfolio\" srcset=\"https:\/\/stage.brancaia.cyon.site\/wp-content\/uploads\/Foto-per-sito-10-1.png 1000w, https:\/\/stage.brancaia.cyon.site\/wp-content\/uploads\/Foto-per-sito-10-1-980x784.png 980w, https:\/\/stage.brancaia.cyon.site\/wp-content\/uploads\/Foto-per-sito-10-1-480x384.png 480w\" sizes=\"(min-width: 0px) and (max-width: 480px) 480px, (min-width: 481px) and (max-width: 980px) 980px, (min-width: 981px) 1000px, 100vw\" class=\"wp-image-15975\" \/><\/span>\n\t\t\t<\/div>\n\t\t\t<\/div><div class=\"et_d4_element et_pb_column_1_2 et_pb_column et_pb_column_2  et_pb_css_mix_blend_mode et-last-child et_block_column\">\n\t\t\t\t\n\t\t\t\t\n\t\t\t\t\n\t\t\t\t\n\t\t\t\t<div class=\"et_pb_module et_d4_element et_pb_text et_pb_text_1  et_pb_text_align_left et_pb_bg_layout_light\">\n\t\t\t\t\n\t\t\t\t\n\t\t\t\t\n\t\t\t\t\n\t\t\t\t<div class=\"et_pb_text_inner\"><h2 style=\"text-align: center;\">Full Brancaia Experience<\/h2>\n<p style=\"text-align: center;\">Tour per gli amanti del vino che desiderano scoprire tutte le sfaccettature di Brancaia.<\/p>\n<p style=\"text-align: center;\">9 vini | 120 minuti | <strong>70\u20ac<\/strong><\/p><\/div>\n\t\t\t<\/div><div class=\"et_pb_module et_d4_element et_pb_code et_pb_code_0\">\n\t\t\t\t\n\t\t\t\t\n\t\t\t\t\n\t\t\t\t\n\t\t\t\t<div class=\"et_pb_code_inner\"><div class='et_pb_button_module_wrapper et_pb_button_2_wrapper et_pb_button_alignment_center et_pb_module'><a href='https:\/\/my.book-dnatasting.it\/brancaia\/my\/sitoweb\/booking-engine\/booking.php?id=3&#038;lang=en&#038;lightversion=1' class='ba-open-in-overlay et_pb_button'>PRENOTA<\/a><\/div><\/div>\n\t\t\t<\/div>\n\t\t\t<\/div>\n\t\t\t\t\n\t\t\t\t\n\t\t\t\t\n\t\t\t\t\n\t\t\t<\/div><div class=\"et_d4_element et_pb_row et_pb_row_2 cb-switch-columns-on-mobile  et_pb_css_mix_blend_mode et_block_row\">\n\t\t\t\t<div class=\"et_d4_element et_pb_column_1_2 et_pb_column et_pb_column_3  et_pb_css_mix_blend_mode et_block_column\">\n\t\t\t\t\n\t\t\t\t\n\t\t\t\t\n\t\t\t\t\n\t\t\t\t<div class=\"et_pb_module et_d4_element et_pb_text et_pb_text_2  et_pb_text_align_left et_pb_bg_layout_light\">\n\t\t\t\t\n\t\t\t\t\n\t\t\t\t\n\t\t\t\t\n\t\t\t\t<div class=\"et_pb_text_inner\"><h2 style=\"text-align: center;\">RED EXPERIENCE<\/h2>\n<p style=\"text-align: center;\">Tour adatto per gli amanti dei vini rossi. Degustazione esclusiva di vini rossi Brancaia, tra cui i <em>Supertuscan<\/em> \"Il Blu\" e \"Ilatraia\".<\/p>\n<p style=\"text-align: center;\">7 vini | 90 minuti | <strong>60\u20ac<\/strong><\/p><\/div>\n\t\t\t<\/div><div class=\"et_pb_module et_d4_element et_pb_code et_pb_code_1\">\n\t\t\t\t\n\t\t\t\t\n\t\t\t\t\n\t\t\t\t\n\t\t\t\t<div class=\"et_pb_code_inner\"><div class='et_pb_button_module_wrapper et_pb_button_2_wrapper et_pb_button_alignment_center et_pb_module'><a href='https:\/\/my.book-dnatasting.it\/brancaia\/my\/sitoweb\/booking-engine\/booking.php?id=4&#038;lang=en&#038;lightversion=1' class='ba-open-in-overlay et_pb_button'>PRENOTA<\/a><\/div><\/div>\n\t\t\t<\/div>\n\t\t\t<\/div><div class=\"et_d4_element et_pb_column_1_2 et_pb_column et_pb_column_4  et_pb_css_mix_blend_mode et-last-child et_block_column\">\n\t\t\t\t\n\t\t\t\t\n\t\t\t\t\n\t\t\t\t\n\t\t\t\t<div class=\"et_pb_module et_d4_element et_pb_image et_pb_image_1\">\n\t\t\t\t\n\t\t\t\t\n\t\t\t\t\n\t\t\t\t\n\t\t\t\t<span class=\"et_pb_image_wrap \"><img loading=\"lazy\" decoding=\"async\" width=\"1000\" height=\"800\" src=\"https:\/\/stage.brancaia.cyon.site\/wp-content\/uploads\/Foto-per-sito-11.png\" alt=\"Dei bicchieri di vino riempiti con vino rosso Brancaia su un tavolo di legno. Sui bicchieri \u00e8 stampato il logo &quot;Casa Brancaia&quot;. Il colore intenso del vino rosso riflette l&#039;intensit\u00e0 e la qualit\u00e0 dei vini Brancaia, offerti nelle nostre esclusive degustazioni in cantina Scoprite la variet\u00e0 dei nostri vini rossi durante un tour del vino in Toscana e vivete l&#039;atmosfera unica di Brancaia.\" title=\"Bicchieri vino rosso Brancaia\" srcset=\"https:\/\/stage.brancaia.cyon.site\/wp-content\/uploads\/Foto-per-sito-11.png 1000w, https:\/\/stage.brancaia.cyon.site\/wp-content\/uploads\/Foto-per-sito-11-980x784.png 980w, https:\/\/stage.brancaia.cyon.site\/wp-content\/uploads\/Foto-per-sito-11-480x384.png 480w\" sizes=\"(min-width: 0px) and (max-width: 480px) 480px, (min-width: 481px) and (max-width: 980px) 980px, (min-width: 981px) 1000px, 100vw\" class=\"wp-image-15978\" \/><\/span>\n\t\t\t<\/div>\n\t\t\t<\/div>\n\t\t\t\t\n\t\t\t\t\n\t\t\t\t\n\t\t\t\t\n\t\t\t<\/div><div class=\"et_d4_element et_pb_row et_pb_row_3  et_pb_css_mix_blend_mode et_block_row\">\n\t\t\t\t<div class=\"et_d4_element et_pb_column_1_2 et_pb_column et_pb_column_5  et_pb_css_mix_blend_mode et_block_column\">\n\t\t\t\t\n\t\t\t\t\n\t\t\t\t\n\t\t\t\t\n\t\t\t\t<div class=\"et_pb_module et_d4_element et_pb_image et_pb_image_2\">\n\t\t\t\t\n\t\t\t\t\n\t\t\t\t\n\t\t\t\t\n\t\t\t\t<span class=\"et_pb_image_wrap \"><img loading=\"lazy\" decoding=\"async\" width=\"1000\" height=\"800\" src=\"https:\/\/stage.brancaia.cyon.site\/wp-content\/uploads\/Foto-per-sito-12.png\" alt=\"Una mano indica l&#039;etichetta di una bottiglia di Brancaia Chianti Classico. La bottiglia presenta l&#039;etichetta nera tipica di Brancaia e un versatore per vino all&#039;apertura. Sullo sfondo, la persona indossa una maglietta di Brancaia. Questa scena simboleggia l&#039;expertise e l&#039;attenzione ai dettagli che vengono trasmesse nelle degustazioni di vino Brancaia. Ideale per gli amanti del vino che desiderano approfondire il processo di produzione dei vini Chianti. Perfetto per tour del vino e visite guidate nella nostra cantina in Toscana.\" title=\"Chianti Classico Brancaia\" srcset=\"https:\/\/stage.brancaia.cyon.site\/wp-content\/uploads\/Foto-per-sito-12.png 1000w, https:\/\/stage.brancaia.cyon.site\/wp-content\/uploads\/Foto-per-sito-12-980x784.png 980w, https:\/\/stage.brancaia.cyon.site\/wp-content\/uploads\/Foto-per-sito-12-480x384.png 480w\" sizes=\"(min-width: 0px) and (max-width: 480px) 480px, (min-width: 481px) and (max-width: 980px) 980px, (min-width: 981px) 1000px, 100vw\" class=\"wp-image-15972\" \/><\/span>\n\t\t\t<\/div>\n\t\t\t<\/div><div class=\"et_d4_element et_pb_column_1_2 et_pb_column et_pb_column_6  et_pb_css_mix_blend_mode et-last-child et_block_column\">\n\t\t\t\t\n\t\t\t\t\n\t\t\t\t\n\t\t\t\t\n\t\t\t\t<div class=\"et_pb_module et_d4_element et_pb_text et_pb_text_3  et_pb_text_align_left et_pb_bg_layout_light\">\n\t\t\t\t\n\t\t\t\t\n\t\t\t\t\n\t\t\t\t\n\t\t\t\t<div class=\"et_pb_text_inner\"><h2 style=\"text-align: center;\">CHIANTI CLASSICO EXPERIENCE<\/h2>\n<p style=\"text-align: center;\">Un tour per tutti coloro che vogliono scoprire la nostra produzione nel Chianti. La degustazione include: Il Bianco, i 3 vini Chianti Classico e Il Blu<\/p>\n<p style=\"text-align: center;\">5 vini | 75 minuti | <strong>50\u20ac<\/strong><span style=\"font-size: 18px; color: #666666; font-family: Tajawal, sans-serif;\"> <\/span><\/p><\/div>\n\t\t\t<\/div><div class=\"et_pb_module et_d4_element et_pb_code et_pb_code_2\">\n\t\t\t\t\n\t\t\t\t\n\t\t\t\t\n\t\t\t\t\n\t\t\t\t<div class=\"et_pb_code_inner\"><div class='et_pb_button_module_wrapper et_pb_button_2_wrapper et_pb_button_alignment_center et_pb_module'><a href='https:\/\/my.book-dnatasting.it\/brancaia\/my\/sitoweb\/booking-engine\/booking.php?id=5&#038;lang=en&#038;lightversion=1' class='ba-open-in-overlay et_pb_button'>PRENOTA<\/a><\/div><\/div>\n\t\t\t<\/div>\n\t\t\t<\/div>\n\t\t\t\t\n\t\t\t\t\n\t\t\t\t\n\t\t\t\t\n\t\t\t<\/div><div class=\"et_d4_element et_pb_row et_pb_row_4  et_pb_css_mix_blend_mode et_block_row\">\n\t\t\t\t<div class=\"et_d4_element et_pb_column_4_4 et_pb_column et_pb_column_7  et_pb_css_mix_blend_mode et-last-child et_block_column\">\n\t\t\t\t\n\t\t\t\t\n\t\t\t\t\n\t\t\t\t\n\t\t\t\t<div class=\"et_pb_module et_d4_element et_pb_divider et_pb_divider_0 et_pb_space\"><div class=\"et_pb_divider_internal\"><\/div><\/div>\n\t\t\t<\/div>\n\t\t\t\t\n\t\t\t\t\n\t\t\t\t\n\t\t\t\t\n\t\t\t<\/div><div class=\"et_d4_element et_pb_row et_pb_row_5  et_pb_css_mix_blend_mode et_block_row\">\n\t\t\t\t<div class=\"et_d4_element et_pb_column_4_4 et_pb_column et_pb_column_8  et_pb_css_mix_blend_mode et-last-child et_block_column\">\n\t\t\t\t\n\t\t\t\t\n\t\t\t\t\n\t\t\t\t\n\t\t\t\t<div class=\"et_pb_module et_d4_element et_pb_heading et_pb_heading_0 et_pb_bg_layout_\">\n\t\t\t\t\n\t\t\t\t\n\t\t\t\t\n\t\t\t\t\n\t\t\t\t<div class=\"et_pb_heading_container\"><h1 class=\"et_pb_module_heading\">Special Tours<\/h1><\/div>\n\t\t\t<\/div><div class=\"et_pb_module et_d4_element et_pb_text et_pb_text_4  et_pb_text_align_left et_pb_bg_layout_light\">\n\t\t\t\t\n\t\t\t\t\n\t\t\t\t\n\t\t\t\t\n\t\t\t\t<div class=\"et_pb_text_inner\"><p style=\"text-align: center;\"><em>Tour e degustazioni esclusive con vecchie annate<\/em><\/p><\/div>\n\t\t\t<\/div>\n\t\t\t<\/div>\n\t\t\t\t\n\t\t\t\t\n\t\t\t\t\n\t\t\t\t\n\t\t\t<\/div><div class=\"et_d4_element et_pb_row et_pb_row_6 cb-switch-columns-on-mobile  et_pb_css_mix_blend_mode et_block_row\">\n\t\t\t\t<div class=\"et_d4_element et_pb_column_1_2 et_pb_column et_pb_column_9  et_pb_css_mix_blend_mode et_block_column\">\n\t\t\t\t\n\t\t\t\t\n\t\t\t\t\n\t\t\t\t\n\t\t\t\t<div class=\"et_pb_module et_d4_element et_pb_text et_pb_text_5  et_pb_text_align_left et_pb_bg_layout_light\">\n\t\t\t\t\n\t\t\t\t\n\t\t\t\t\n\t\t\t\t\n\t\t\t\t<div class=\"et_pb_text_inner\"><h2 style=\"text-align: center;\">Ilatraia Special Experience<\/h2>\n<p style=\"text-align: center;\"><a href=\"https:\/\/stage.brancaia.cyon.site\/it\/prodotti\/vini\/ilatraia\/\">Ilatraia<\/a> \u00e8 il Supertuscan di Brancaia della costa toscana. Questa esperienza permette di degustare le singole variet\u00e0 di uva del blend di Ilatraia, disponibili in edizione esclusiva e limitata.<\/p>\n<p style=\"text-align: center;\">6 Degustazioni | 90 Minuti | <strong>90\u20ac<\/strong><\/p><\/div>\n\t\t\t<\/div><div class=\"et_pb_module et_d4_element et_pb_code et_pb_code_3\">\n\t\t\t\t\n\t\t\t\t\n\t\t\t\t\n\t\t\t\t\n\t\t\t\t<div class=\"et_pb_code_inner\"><div class='et_pb_button_module_wrapper et_pb_button_2_wrapper et_pb_button_alignment_center et_pb_module'><a href='https:\/\/my.book-dnatasting.it\/brancaia\/my\/sitoweb\/booking-engine\/booking.php?id=6&#038;lang=en&#038;lightversion=1' class='ba-open-in-overlay et_pb_button'>PRENOTA<\/a><\/div><\/div>\n\t\t\t<\/div>\n\t\t\t<\/div><div class=\"et_d4_element et_pb_column_1_2 et_pb_column et_pb_column_10  et_pb_css_mix_blend_mode et-last-child et_block_column\">\n\t\t\t\t\n\t\t\t\t\n\t\t\t\t\n\t\t\t\t\n\t\t\t\t<div class=\"et_pb_module et_d4_element et_pb_image et_pb_image_3\">\n\t\t\t\t\n\t\t\t\t\n\t\t\t\t\n\t\t\t\t\n\t\t\t\t<span class=\"et_pb_image_wrap \"><img loading=\"lazy\" decoding=\"async\" width=\"1200\" height=\"960\" src=\"https:\/\/stage.brancaia.cyon.site\/wp-content\/uploads\/ilatraia-special-edition-1200x960-1.jpg\" alt=\"Brancaia Ilatraia Special Edition\" title=\"Brancaia Ilatraia Special Edition\" srcset=\"https:\/\/stage.brancaia.cyon.site\/wp-content\/uploads\/ilatraia-special-edition-1200x960-1.jpg 1200w, https:\/\/stage.brancaia.cyon.site\/wp-content\/uploads\/ilatraia-special-edition-1200x960-1-980x784.jpg 980w, https:\/\/stage.brancaia.cyon.site\/wp-content\/uploads\/ilatraia-special-edition-1200x960-1-480x384.jpg 480w\" sizes=\"(min-width: 0px) and (max-width: 480px) 480px, (min-width: 481px) and (max-width: 980px) 980px, (min-width: 981px) 1200px, 100vw\" class=\"wp-image-13352\" \/><\/span>\n\t\t\t<\/div>\n\t\t\t<\/div>\n\t\t\t\t\n\t\t\t\t\n\t\t\t\t\n\t\t\t\t\n\t\t\t<\/div><div class=\"et_d4_element et_pb_row et_pb_row_7  et_pb_css_mix_blend_mode et_block_row\">\n\t\t\t\t<div class=\"et_d4_element et_pb_column_1_2 et_pb_column et_pb_column_11  et_pb_css_mix_blend_mode et_block_column\">\n\t\t\t\t\n\t\t\t\t\n\t\t\t\t\n\t\t\t\t\n\t\t\t\t<div class=\"et_pb_module et_d4_element et_pb_image et_pb_image_4\">\n\t\t\t\t\n\t\t\t\t\n\t\t\t\t\n\t\t\t\t\n\t\t\t\t<span class=\"et_pb_image_wrap \"><img loading=\"lazy\" decoding=\"async\" width=\"2560\" height=\"2048\" src=\"https:\/\/stage.brancaia.cyon.site\/wp-content\/uploads\/2025\/07\/DSCF8898-scaled.jpg\" alt=\"\" title=\"Luca per Blending Experience\" srcset=\"https:\/\/stage.brancaia.cyon.site\/wp-content\/uploads\/2025\/07\/DSCF8898-scaled.jpg 2560w, https:\/\/stage.brancaia.cyon.site\/wp-content\/uploads\/2025\/07\/DSCF8898-1280x1024.jpg 1280w, https:\/\/stage.brancaia.cyon.site\/wp-content\/uploads\/2025\/07\/DSCF8898-980x784.jpg 980w, https:\/\/stage.brancaia.cyon.site\/wp-content\/uploads\/2025\/07\/DSCF8898-480x384.jpg 480w\" sizes=\"(min-width: 0px) and (max-width: 480px) 480px, (min-width: 481px) and (max-width: 980px) 980px, (min-width: 981px) and (max-width: 1280px) 1280px, (min-width: 1281px) 2560px, 100vw\" class=\"wp-image-19300\" \/><\/span>\n\t\t\t<\/div>\n\t\t\t<\/div><div class=\"et_d4_element et_pb_column_1_2 et_pb_column et_pb_column_12  et_pb_css_mix_blend_mode et-last-child et_block_column\">\n\t\t\t\t\n\t\t\t\t\n\t\t\t\t\n\t\t\t\t\n\t\t\t\t<div class=\"et_pb_module et_d4_element et_pb_text et_pb_text_6  et_pb_text_align_left et_pb_bg_layout_light\">\n\t\t\t\t\n\t\t\t\t\n\t\t\t\t\n\t\t\t\t\n\t\t\t\t<div class=\"et_pb_text_inner\"><h2 style=\"text-align: center;\">Blending Experience<\/h2>\n<p style=\"text-align: center;\">Un\u2019esperienza esclusiva nel cuore di uno dei nostri Supertuscan iconici: dai campioni di botte imbottigliati a mano dei singoli vitigni alla verticale di annate selezionate, per scoprirne l\u2019essenza, l\u2019evoluzione e la complessit\u00e0.<\/p>\n<p style=\"text-align: center;\">6 Degustazioni | 90 Minuti | <strong>90\u20ac<\/strong><\/p><\/div>\n\t\t\t<\/div><div class=\"et_pb_module et_d4_element et_pb_code et_pb_code_4\">\n\t\t\t\t\n\t\t\t\t\n\t\t\t\t\n\t\t\t\t\n\t\t\t\t<div class=\"et_pb_code_inner\"><div class='et_pb_button_module_wrapper et_pb_button_2_wrapper et_pb_button_alignment_center et_pb_module'><a href='https:\/\/my.book-dnatasting.it\/brancaia\/my\/sitoweb\/booking-engine\/booking.php?id=7&#038;lang=en&#038;lightversion=1' class='ba-open-in-overlay et_pb_button'>PRENOTA<\/a><\/div><\/div>\n\t\t\t<\/div>\n\t\t\t<\/div>\n\t\t\t\t\n\t\t\t\t\n\t\t\t\t\n\t\t\t\t\n\t\t\t<\/div><div class=\"et_d4_element et_pb_row et_pb_row_8  et_pb_css_mix_blend_mode et_block_row\">\n\t\t\t\t<div class=\"et_d4_element et_pb_column_1_2 et_pb_column et_pb_column_13  et_pb_css_mix_blend_mode et_block_column\">\n\t\t\t\t\n\t\t\t\t\n\t\t\t\t\n\t\t\t\t\n\t\t\t\t<div class=\"et_pb_module et_d4_element et_pb_cta_0 et_pb_promo  et_pb_text_align_center et_pb_bg_layout_dark\">\n\t\t\t\t\n\t\t\t\t\n\t\t\t\t\n\t\t\t\t\n\t\t\t\t<div class=\"et_pb_promo_description\"><h4 class=\"et_pb_module_header\">Scopri i nostri <\/h4><\/div>\n\t\t\t\t<div class=\"et_pb_button_wrapper\"><a class=\"et_pb_button et_pb_promo_button\" href=\"https:\/\/stage.brancaia.cyon.site\/it\/visite\/tours-food\/\">Food&amp;Wine Tours<\/a><\/div>\n\t\t\t<\/div>\n\t\t\t<\/div><div class=\"et_d4_element et_pb_column_1_2 et_pb_column et_pb_column_14  et_pb_css_mix_blend_mode et-last-child et_block_column\">\n\t\t\t\t\n\t\t\t\t\n\t\t\t\t\n\t\t\t\t\n\t\t\t\t<div class=\"et_pb_module et_d4_element et_pb_cta_1 et_pb_promo  et_pb_text_align_center et_pb_bg_layout_dark\">\n\t\t\t\t\n\t\t\t\t\n\t\t\t\t\n\t\t\t\t\n\t\t\t\t<div class=\"et_pb_promo_description\"><h4 class=\"et_pb_module_header\">Scopri i nostri <\/h4><\/div>\n\t\t\t\t<div class=\"et_pb_button_wrapper\"><a class=\"et_pb_button et_pb_promo_button\" href=\"https:\/\/stage.brancaia.cyon.site\/it\/visite\/degustazione\/\">Degustazioni<\/a><\/div>\n\t\t\t<\/div>\n\t\t\t<\/div>\n\t\t\t\t\n\t\t\t\t\n\t\t\t\t\n\t\t\t\t\n\t\t\t<\/div>\n\t\t\t\t\n\t\t\t\t\n\t\t\t<\/div><\/p>\n","protected":false},"excerpt":{"rendered":"","protected":false},"author":1,"featured_media":0,"parent":1531,"menu_order":6,"comment_status":"closed","ping_status":"closed","template":"","meta":{"_et_pb_use_builder":"on","_et_pb_old_content":"","_et_gb_content_width":"","footnotes":""},"class_list":["post-15955","page","type-page","status-publish","hentry"],"yoast_head":"<!-- This site is optimized with the Yoast SEO plugin v27.1.1 - https:\/\/yoast.com\/product\/yoast-seo-wordpress\/ -->\n<title>Experience - BRANCAIA<\/title>\n<meta name=\"description\" content=\"Tour del vino nel Chianti: visita la cantina Brancaia. Visita guidata con degustazione e meravigliose viste sulla campagna toscana.\" \/>\n<meta name=\"robots\" content=\"index, follow, max-snippet:-1, max-image-preview:large, max-video-preview:-1\" \/>\n<link rel=\"canonical\" href=\"https:\/\/stage.brancaia.cyon.site\/it\/visite\/tour\/\" \/>\n<meta property=\"og:locale\" content=\"it_IT\" \/>\n<meta property=\"og:type\" content=\"article\" \/>\n<meta property=\"og:title\" content=\"Experience - BRANCAIA\" \/>\n<meta property=\"og:description\" content=\"Tour del vino nel Chianti: visita la cantina Brancaia. Visita guidata con degustazione e meravigliose viste sulla campagna toscana.\" \/>\n<meta property=\"og:url\" content=\"https:\/\/stage.brancaia.cyon.site\/it\/visite\/tour\/\" \/>\n<meta property=\"og:site_name\" content=\"BRANCAIA\" \/>\n<meta property=\"article:modified_time\" content=\"2026-01-19T11:43:08+00:00\" \/>\n<meta name=\"twitter:card\" content=\"summary_large_image\" \/>\n<meta name=\"twitter:label1\" content=\"Tempo di lettura stimato\" \/>\n\t<meta name=\"twitter:data1\" content=\"7 minuti\" \/>\n<script type=\"application\/ld+json\" class=\"yoast-schema-graph\">{\"@context\":\"https:\/\/schema.org\",\"@graph\":[{\"@type\":\"WebPage\",\"@id\":\"https:\/\/stage.brancaia.cyon.site\/it\/visite\/tour\/\",\"url\":\"https:\/\/stage.brancaia.cyon.site\/it\/visite\/tour\/\",\"name\":\"Experience - BRANCAIA\",\"isPartOf\":{\"@id\":\"https:\/\/stage.brancaia.cyon.site\/it\/#website\"},\"datePublished\":\"2024-10-23T16:04:22+00:00\",\"dateModified\":\"2026-01-19T11:43:08+00:00\",\"description\":\"Tour del vino nel Chianti: visita la cantina Brancaia. Visita guidata con degustazione e meravigliose viste sulla campagna toscana.\",\"breadcrumb\":{\"@id\":\"https:\/\/stage.brancaia.cyon.site\/it\/visite\/tour\/#breadcrumb\"},\"inLanguage\":\"it-IT\",\"potentialAction\":[{\"@type\":\"ReadAction\",\"target\":[\"https:\/\/stage.brancaia.cyon.site\/it\/visite\/tour\/\"]}]},{\"@type\":\"BreadcrumbList\",\"@id\":\"https:\/\/stage.brancaia.cyon.site\/it\/visite\/tour\/#breadcrumb\",\"itemListElement\":[{\"@type\":\"ListItem\",\"position\":1,\"name\":\"Home\",\"item\":\"https:\/\/stage.brancaia.cyon.site\/it\/home\/\"},{\"@type\":\"ListItem\",\"position\":2,\"name\":\"Visite\",\"item\":\"https:\/\/stage.brancaia.cyon.site\/it\/visite\/\"},{\"@type\":\"ListItem\",\"position\":3,\"name\":\"Experience\"}]},{\"@type\":\"WebSite\",\"@id\":\"https:\/\/stage.brancaia.cyon.site\/it\/#website\",\"url\":\"https:\/\/stage.brancaia.cyon.site\/it\/\",\"name\":\"BRANCAIA\",\"description\":\"Winery &amp; Wines\",\"potentialAction\":[{\"@type\":\"SearchAction\",\"target\":{\"@type\":\"EntryPoint\",\"urlTemplate\":\"https:\/\/stage.brancaia.cyon.site\/it\/?s={search_term_string}\"},\"query-input\":{\"@type\":\"PropertyValueSpecification\",\"valueRequired\":true,\"valueName\":\"search_term_string\"}}],\"inLanguage\":\"it-IT\"}]}<\/script>\n<!-- \/ Yoast SEO plugin. -->","yoast_head_json":{"title":"Experience - BRANCAIA","description":"Tour del vino nel Chianti: visita la cantina Brancaia. Visita guidata con degustazione e meravigliose viste sulla campagna toscana.","robots":{"index":"index","follow":"follow","max-snippet":"max-snippet:-1","max-image-preview":"max-image-preview:large","max-video-preview":"max-video-preview:-1"},"canonical":"https:\/\/stage.brancaia.cyon.site\/it\/visite\/tour\/","og_locale":"it_IT","og_type":"article","og_title":"Experience - BRANCAIA","og_description":"Tour del vino nel Chianti: visita la cantina Brancaia. Visita guidata con degustazione e meravigliose viste sulla campagna toscana.","og_url":"https:\/\/stage.brancaia.cyon.site\/it\/visite\/tour\/","og_site_name":"BRANCAIA","article_modified_time":"2026-01-19T11:43:08+00:00","twitter_card":"summary_large_image","twitter_misc":{"Tempo di lettura stimato":"7 minuti"},"schema":{"@context":"https:\/\/schema.org","@graph":[{"@type":"WebPage","@id":"https:\/\/stage.brancaia.cyon.site\/it\/visite\/tour\/","url":"https:\/\/stage.brancaia.cyon.site\/it\/visite\/tour\/","name":"Experience - BRANCAIA","isPartOf":{"@id":"https:\/\/stage.brancaia.cyon.site\/it\/#website"},"datePublished":"2024-10-23T16:04:22+00:00","dateModified":"2026-01-19T11:43:08+00:00","description":"Tour del vino nel Chianti: visita la cantina Brancaia. Visita guidata con degustazione e meravigliose viste sulla campagna toscana.","breadcrumb":{"@id":"https:\/\/stage.brancaia.cyon.site\/it\/visite\/tour\/#breadcrumb"},"inLanguage":"it-IT","potentialAction":[{"@type":"ReadAction","target":["https:\/\/stage.brancaia.cyon.site\/it\/visite\/tour\/"]}]},{"@type":"BreadcrumbList","@id":"https:\/\/stage.brancaia.cyon.site\/it\/visite\/tour\/#breadcrumb","itemListElement":[{"@type":"ListItem","position":1,"name":"Home","item":"https:\/\/stage.brancaia.cyon.site\/it\/home\/"},{"@type":"ListItem","position":2,"name":"Visite","item":"https:\/\/stage.brancaia.cyon.site\/it\/visite\/"},{"@type":"ListItem","position":3,"name":"Experience"}]},{"@type":"WebSite","@id":"https:\/\/stage.brancaia.cyon.site\/it\/#website","url":"https:\/\/stage.brancaia.cyon.site\/it\/","name":"BRANCAIA","description":"Winery &amp; Wines","potentialAction":[{"@type":"SearchAction","target":{"@type":"EntryPoint","urlTemplate":"https:\/\/stage.brancaia.cyon.site\/it\/?s={search_term_string}"},"query-input":{"@type":"PropertyValueSpecification","valueRequired":true,"valueName":"search_term_string"}}],"inLanguage":"it-IT"}]}},"_links":{"self":[{"href":"https:\/\/stage.brancaia.cyon.site\/it\/wp-json\/wp\/v2\/pages\/15955","targetHints":{"allow":["GET"]}}],"collection":[{"href":"https:\/\/stage.brancaia.cyon.site\/it\/wp-json\/wp\/v2\/pages"}],"about":[{"href":"https:\/\/stage.brancaia.cyon.site\/it\/wp-json\/wp\/v2\/types\/page"}],"author":[{"embeddable":true,"href":"https:\/\/stage.brancaia.cyon.site\/it\/wp-json\/wp\/v2\/users\/1"}],"replies":[{"embeddable":true,"href":"https:\/\/stage.brancaia.cyon.site\/it\/wp-json\/wp\/v2\/comments?post=15955"}],"version-history":[{"count":103,"href":"https:\/\/stage.brancaia.cyon.site\/it\/wp-json\/wp\/v2\/pages\/15955\/revisions"}],"predecessor-version":[{"id":49671,"href":"https:\/\/stage.brancaia.cyon.site\/it\/wp-json\/wp\/v2\/pages\/15955\/revisions\/49671"}],"up":[{"embeddable":true,"href":"https:\/\/stage.brancaia.cyon.site\/it\/wp-json\/wp\/v2\/pages\/1531"}],"wp:attachment":[{"href":"https:\/\/stage.brancaia.cyon.site\/it\/wp-json\/wp\/v2\/media?parent=15955"}],"curies":[{"name":"wp","href":"https:\/\/api.w.org\/{rel}","templated":true}]}}